{"id":112,"date":"2024-02-05T14:29:06","date_gmt":"2024-02-05T13:29:06","guid":{"rendered":"https:\/\/monterraindeje.fr\/?page_id=112"},"modified":"2024-04-06T12:51:17","modified_gmt":"2024-04-06T10:51:17","slug":"elementor-112","status":"publish","type":"page","link":"https:\/\/monterraindeje.fr\/index.php\/elementor-112\/","title":{"rendered":"Les M\u00e9diations artistiques"},"content":{"rendered":"\t\t<div data-elementor-type=\"wp-page\" data-elementor-id=\"112\" class=\"elementor elementor-112\" data-elementor-post-type=\"page\">\n\t\t\t\t<div class=\"elementor-element elementor-element-e9427db e-con-full e-flex e-con e-parent\" data-id=\"e9427db\" data-element_type=\"container\" data-settings=\"{&quot;background_background&quot;:&quot;classic&quot;,&quot;content_width&quot;:&quot;full&quot;}\" data-core-v316-plus=\"true\">\n\t\t\t\t<div class=\"elementor-element elementor-element-ea4e5d9 elementor-widget__width-initial elementor-widget elementor-widget-image\" data-id=\"ea4e5d9\" data-element_type=\"widget\" data-widget_type=\"image.default\">\n\t\t\t\t<div class=\"elementor-widget-container\">\n\t\t\t<style>\/*! elementor - v3.19.0 - 28-02-2024 *\/\n.elementor-widget-image{text-align:center}.elementor-widget-image a{display:inline-block}.elementor-widget-image a img[src$=\".svg\"]{width:48px}.elementor-widget-image img{vertical-align:middle;display:inline-block}<\/style>\t\t\t\t\t\t\t\t\t\t<img fetchpriority=\"high\" decoding=\"async\" width=\"406\" height=\"413\" src=\"https:\/\/monterraindeje.fr\/wp-content\/uploads\/2024\/02\/carre-blanc.png\" class=\"attachment-large size-large wp-image-329\" alt=\"\" srcset=\"https:\/\/monterraindeje.fr\/wp-content\/uploads\/2024\/02\/carre-blanc.png 406w, https:\/\/monterraindeje.fr\/wp-content\/uploads\/2024\/02\/carre-blanc-295x300.png 295w\" sizes=\"(max-width: 406px) 100vw, 406px\" \/>\t\t\t\t\t\t\t\t\t\t\t\t\t<\/div>\n\t\t\t\t<\/div>\n\t\t\t\t<div class=\"elementor-element elementor-element-1e0b4cf elementor-widget__width-inherit elementor-widget elementor-widget-image\" data-id=\"1e0b4cf\" data-element_type=\"widget\" data-widget_type=\"image.default\">\n\t\t\t\t<div class=\"elementor-widget-container\">\n\t\t\t\t\t\t\t\t\t\t\t\t\t<img decoding=\"async\" width=\"1024\" height=\"125\" src=\"https:\/\/monterraindeje.fr\/wp-content\/uploads\/2024\/02\/Bandeaux-titres-mediations-1024x125.png\" class=\"attachment-large size-large wp-image-330\" alt=\"\" srcset=\"https:\/\/monterraindeje.fr\/wp-content\/uploads\/2024\/02\/Bandeaux-titres-mediations-1024x125.png 1024w, https:\/\/monterraindeje.fr\/wp-content\/uploads\/2024\/02\/Bandeaux-titres-mediations-300x37.png 300w, https:\/\/monterraindeje.fr\/wp-content\/uploads\/2024\/02\/Bandeaux-titres-mediations-768x94.png 768w, https:\/\/monterraindeje.fr\/wp-content\/uploads\/2024\/02\/Bandeaux-titres-mediations.png 1201w\" sizes=\"(max-width: 1024px) 100vw, 1024px\" \/>\t\t\t\t\t\t\t\t\t\t\t\t\t<\/div>\n\t\t\t\t<\/div>\n\t\t\t\t<\/div>\n\t\t<div class=\"elementor-element elementor-element-5c59a04 e-flex e-con-boxed e-con e-parent\" data-id=\"5c59a04\" data-element_type=\"container\" data-settings=\"{&quot;content_width&quot;:&quot;boxed&quot;}\" data-core-v316-plus=\"true\">\n\t\t\t\t\t<div class=\"e-con-inner\">\n\t\t<div class=\"elementor-element elementor-element-c560d2d e-con-full e-flex e-con e-child\" data-id=\"c560d2d\" data-element_type=\"container\" data-settings=\"{&quot;content_width&quot;:&quot;full&quot;}\">\n\t\t\t\t<div class=\"elementor-element elementor-element-7f83e64 elementor-widget elementor-widget-button\" data-id=\"7f83e64\" data-element_type=\"widget\" data-widget_type=\"button.default\">\n\t\t\t\t<div class=\"elementor-widget-container\">\n\t\t\t\t\t<div class=\"elementor-button-wrapper\">\n\t\t\t<a class=\"elementor-button elementor-button-link elementor-size-sm\" href=\"https:\/\/monterraindeje.fr\/index.php\/art-plastiques\/\">\n\t\t\t\t\t\t<span class=\"elementor-button-content-wrapper\">\n\t\t\t\t\t\t<span class=\"elementor-button-text\">Arts plastiques<\/span>\n\t\t<\/span>\n\t\t\t\t\t<\/a>\n\t\t<\/div>\n\t\t\t\t<\/div>\n\t\t\t\t<\/div>\n\t\t\t\t<\/div>\n\t\t<div class=\"elementor-element elementor-element-62b5fdf e-con-full e-flex e-con e-child\" data-id=\"62b5fdf\" data-element_type=\"container\" data-settings=\"{&quot;content_width&quot;:&quot;full&quot;}\">\n\t\t\t\t<div class=\"elementor-element elementor-element-68738d6 elementor-align-center elementor-widget elementor-widget-button\" data-id=\"68738d6\" data-element_type=\"widget\" data-widget_type=\"button.default\">\n\t\t\t\t<div class=\"elementor-widget-container\">\n\t\t\t\t\t<div class=\"elementor-button-wrapper\">\n\t\t\t<a class=\"elementor-button elementor-button-link elementor-size-sm\" href=\"https:\/\/monterraindeje.fr\/index.php\/modelage\/\">\n\t\t\t\t\t\t<span class=\"elementor-button-content-wrapper\">\n\t\t\t\t\t\t<span class=\"elementor-button-text\">Terre<\/span>\n\t\t<\/span>\n\t\t\t\t\t<\/a>\n\t\t<\/div>\n\t\t\t\t<\/div>\n\t\t\t\t<\/div>\n\t\t\t\t<\/div>\n\t\t<div class=\"elementor-element elementor-element-8cee165 e-con-full e-flex e-con e-child\" data-id=\"8cee165\" data-element_type=\"container\" data-settings=\"{&quot;content_width&quot;:&quot;full&quot;}\">\n\t\t\t\t<div class=\"elementor-element elementor-element-38f1112 elementor-widget elementor-widget-button\" data-id=\"38f1112\" data-element_type=\"widget\" data-widget_type=\"button.default\">\n\t\t\t\t<div class=\"elementor-widget-container\">\n\t\t\t\t\t<div class=\"elementor-button-wrapper\">\n\t\t\t<a class=\"elementor-button elementor-button-link elementor-size-sm\" href=\"https:\/\/monterraindeje.fr\/index.php\/photo-language\/\">\n\t\t\t\t\t\t<span class=\"elementor-button-content-wrapper\">\n\t\t\t\t\t\t<span class=\"elementor-button-text\">Photolangage<\/span>\n\t\t<\/span>\n\t\t\t\t\t<\/a>\n\t\t<\/div>\n\t\t\t\t<\/div>\n\t\t\t\t<\/div>\n\t\t\t\t<\/div>\n\t\t<div class=\"elementor-element elementor-element-8bf89cc e-con-full e-flex e-con e-child\" data-id=\"8bf89cc\" data-element_type=\"container\" data-settings=\"{&quot;content_width&quot;:&quot;full&quot;}\">\n\t\t\t\t<div class=\"elementor-element elementor-element-5592888 elementor-widget elementor-widget-button\" data-id=\"5592888\" data-element_type=\"widget\" data-widget_type=\"button.default\">\n\t\t\t\t<div class=\"elementor-widget-container\">\n\t\t\t\t\t<div class=\"elementor-button-wrapper\">\n\t\t\t<a class=\"elementor-button elementor-button-link elementor-size-sm\" href=\"https:\/\/monterraindeje.fr\/index.php\/ecriture\/\">\n\t\t\t\t\t\t<span class=\"elementor-button-content-wrapper\">\n\t\t\t\t\t\t<span class=\"elementor-button-text\">\u00c9criture<\/span>\n\t\t<\/span>\n\t\t\t\t\t<\/a>\n\t\t<\/div>\n\t\t\t\t<\/div>\n\t\t\t\t<\/div>\n\t\t\t\t<\/div>\n\t\t<div class=\"elementor-element elementor-element-b55a262 e-con-full e-flex e-con e-child\" data-id=\"b55a262\" data-element_type=\"container\" data-settings=\"{&quot;content_width&quot;:&quot;full&quot;}\">\n\t\t\t\t<div class=\"elementor-element elementor-element-db58313 elementor-widget elementor-widget-button\" data-id=\"db58313\" data-element_type=\"widget\" data-widget_type=\"button.default\">\n\t\t\t\t<div class=\"elementor-widget-container\">\n\t\t\t\t\t<div class=\"elementor-button-wrapper\">\n\t\t\t<a class=\"elementor-button elementor-button-link elementor-size-sm\" href=\"https:\/\/monterraindeje.fr\/index.php\/expression-corporelle\/\">\n\t\t\t\t\t\t<span class=\"elementor-button-content-wrapper\">\n\t\t\t\t\t\t<span class=\"elementor-button-text\">Expression corporelle<\/span>\n\t\t<\/span>\n\t\t\t\t\t<\/a>\n\t\t<\/div>\n\t\t\t\t<\/div>\n\t\t\t\t<\/div>\n\t\t\t\t<\/div>\n\t\t<div class=\"elementor-element elementor-element-c40d09b e-con-full e-flex e-con e-child\" data-id=\"c40d09b\" data-element_type=\"container\" data-settings=\"{&quot;content_width&quot;:&quot;full&quot;}\">\n\t\t\t\t<div class=\"elementor-element elementor-element-56a738a elementor-widget elementor-widget-button\" data-id=\"56a738a\" data-element_type=\"widget\" data-widget_type=\"button.default\">\n\t\t\t\t<div class=\"elementor-widget-container\">\n\t\t\t\t\t<div class=\"elementor-button-wrapper\">\n\t\t\t<a class=\"elementor-button elementor-button-link elementor-size-sm\" href=\"https:\/\/monterraindeje.fr\/index.php\/cuisine\/\">\n\t\t\t\t\t\t<span class=\"elementor-button-content-wrapper\">\n\t\t\t\t\t\t<span class=\"elementor-button-text\">Cuisine<\/span>\n\t\t<\/span>\n\t\t\t\t\t<\/a>\n\t\t<\/div>\n\t\t\t\t<\/div>\n\t\t\t\t<\/div>\n\t\t\t\t<\/div>\n\t\t\t\t\t<\/div>\n\t\t\t\t<\/div>\n\t\t<div class=\"elementor-element elementor-element-6c58014 e-flex e-con-boxed e-con e-parent\" data-id=\"6c58014\" data-element_type=\"container\" data-settings=\"{&quot;content_width&quot;:&quot;boxed&quot;}\" data-core-v316-plus=\"true\">\n\t\t\t\t\t<div class=\"e-con-inner\">\n\t\t<div class=\"elementor-element elementor-element-47e973a e-con-full e-flex e-con e-child\" data-id=\"47e973a\" data-element_type=\"container\" data-settings=\"{&quot;content_width&quot;:&quot;full&quot;}\">\n\t\t\t\t<div class=\"elementor-element elementor-element-da63822 elementor-widget elementor-widget-image\" data-id=\"da63822\" data-element_type=\"widget\" data-widget_type=\"image.default\">\n\t\t\t\t<div class=\"elementor-widget-container\">\n\t\t\t\t\t\t\t\t\t\t\t\t\t<img decoding=\"async\" width=\"1024\" height=\"321\" src=\"https:\/\/monterraindeje.fr\/wp-content\/uploads\/2024\/02\/bandeau-mediations-1-1024x321.jpg\" class=\"attachment-large size-large wp-image-335\" alt=\"\" srcset=\"https:\/\/monterraindeje.fr\/wp-content\/uploads\/2024\/02\/bandeau-mediations-1-1024x321.jpg 1024w, https:\/\/monterraindeje.fr\/wp-content\/uploads\/2024\/02\/bandeau-mediations-1-300x94.jpg 300w, https:\/\/monterraindeje.fr\/wp-content\/uploads\/2024\/02\/bandeau-mediations-1-768x241.jpg 768w, https:\/\/monterraindeje.fr\/wp-content\/uploads\/2024\/02\/bandeau-mediations-1.jpg 1476w\" sizes=\"(max-width: 1024px) 100vw, 1024px\" \/>\t\t\t\t\t\t\t\t\t\t\t\t\t<\/div>\n\t\t\t\t<\/div>\n\t\t\t\t<\/div>\n\t\t<div class=\"elementor-element elementor-element-29e33c0 e-con-full e-flex e-con e-child\" data-id=\"29e33c0\" data-element_type=\"container\" data-settings=\"{&quot;content_width&quot;:&quot;full&quot;}\">\n\t\t\t\t<div class=\"elementor-element elementor-element-0e0609e elementor-widget elementor-widget-text-editor\" data-id=\"0e0609e\" data-element_type=\"widget\" data-widget_type=\"text-editor.default\">\n\t\t\t\t<div class=\"elementor-widget-container\">\n\t\t\t<style>\/*! elementor - v3.19.0 - 28-02-2024 *\/\n.elementor-widget-text-editor.elementor-drop-cap-view-stacked .elementor-drop-cap{background-color:#69727d;color:#fff}.elementor-widget-text-editor.elementor-drop-cap-view-framed .elementor-drop-cap{color:#69727d;border:3px solid;background-color:transparent}.elementor-widget-text-editor:not(.elementor-drop-cap-view-default) .elementor-drop-cap{margin-top:8px}.elementor-widget-text-editor:not(.elementor-drop-cap-view-default) .elementor-drop-cap-letter{width:1em;height:1em}.elementor-widget-text-editor .elementor-drop-cap{float:left;text-align:center;line-height:1;font-size:50px}.elementor-widget-text-editor .elementor-drop-cap-letter{display:inline-block}<\/style>\t\t\t\t<p><img loading=\"lazy\" decoding=\"async\" class=\" wp-image-313 alignleft\" src=\"https:\/\/monterraindeje.fr\/wp-content\/uploads\/2024\/02\/logo-JE-bleu-300x280.png\" alt=\"\" width=\"24\" height=\"23\" srcset=\"https:\/\/monterraindeje.fr\/wp-content\/uploads\/2024\/02\/logo-JE-bleu-300x280.png 300w, https:\/\/monterraindeje.fr\/wp-content\/uploads\/2024\/02\/logo-JE-bleu-150x150.png 150w, https:\/\/monterraindeje.fr\/wp-content\/uploads\/2024\/02\/logo-JE-bleu.png 442w\" sizes=\"(max-width: 24px) 100vw, 24px\" \/>Je propose plusieurs m\u00e9diations artistiques en fonction du<span style=\"color: #d8007e;\"> projet d\u2019accompagnement<\/span> d\u00e9fini sur l\u2019indication m\u00e9dicale et du souhait de la personne.<\/p><p><img loading=\"lazy\" decoding=\"async\" class=\"wp-image-313 alignleft\" src=\"https:\/\/monterraindeje.fr\/wp-content\/uploads\/2024\/02\/logo-JE-bleu-300x280.png\" alt=\"\" width=\"22\" height=\"20\" srcset=\"https:\/\/monterraindeje.fr\/wp-content\/uploads\/2024\/02\/logo-JE-bleu-300x280.png 300w, https:\/\/monterraindeje.fr\/wp-content\/uploads\/2024\/02\/logo-JE-bleu.png 442w\" sizes=\"(max-width: 22px) 100vw, 22px\" \/>Chaque m\u00e9diation pr\u00e9sente des <span style=\"color: #d8007e;\">fonctions sp\u00e9cifiques<\/span>. <br \/>L\u2019art-th\u00e9rapeute conna\u00eet leurs caract\u00e9ristiques et les pratique lui-m\u00eame. Par sa <span style=\"color: #d8007e;\">ma\u00eetrise<\/span> de chacune d\u2019elles, il les choisit de mani\u00e8re \u00e0 r\u00e9pondre aux objectifs th\u00e9rapeutiques de chaque parcours de soin.<\/p><p><img loading=\"lazy\" decoding=\"async\" class=\" wp-image-313 alignleft\" src=\"https:\/\/monterraindeje.fr\/wp-content\/uploads\/2024\/02\/logo-JE-bleu-300x280.png\" alt=\"\" width=\"23\" height=\"21\" srcset=\"https:\/\/monterraindeje.fr\/wp-content\/uploads\/2024\/02\/logo-JE-bleu-300x280.png 300w, https:\/\/monterraindeje.fr\/wp-content\/uploads\/2024\/02\/logo-JE-bleu.png 442w\" sizes=\"(max-width: 23px) 100vw, 23px\" \/>La m\u00e9diation artistique vise un <span style=\"color: #d8007e;\">effet<\/span> th\u00e9rapeutique c\u2019est-\u00e0-dire un b\u00e9n\u00e9fice quantifiable<em> hic et nunc<\/em>.<\/p><p><img loading=\"lazy\" decoding=\"async\" class=\"wp-image-313 alignleft\" src=\"https:\/\/monterraindeje.fr\/wp-content\/uploads\/2024\/02\/logo-JE-bleu-300x280.png\" alt=\"\" width=\"24\" height=\"22\" srcset=\"https:\/\/monterraindeje.fr\/wp-content\/uploads\/2024\/02\/logo-JE-bleu-300x280.png 300w, https:\/\/monterraindeje.fr\/wp-content\/uploads\/2024\/02\/logo-JE-bleu.png 442w\" sizes=\"(max-width: 24px) 100vw, 24px\" \/>La s\u00e9ance est d\u00e9finie par un objectif : la r\u00e9alisation d\u2019un objet concret. Le <span style=\"color: #d8007e;\">devenir de l\u2019objet<\/span> (stockage, restitution, exposition) doit \u00eatre questionn\u00e9 avant le d\u00e9but de la s\u00e9ance en accord avec la personne.<\/p><p><img loading=\"lazy\" decoding=\"async\" class=\"wp-image-313 alignleft\" src=\"https:\/\/monterraindeje.fr\/wp-content\/uploads\/2024\/02\/logo-JE-bleu-300x280.png\" alt=\"\" width=\"24\" height=\"22\" srcset=\"https:\/\/monterraindeje.fr\/wp-content\/uploads\/2024\/02\/logo-JE-bleu-300x280.png 300w, https:\/\/monterraindeje.fr\/wp-content\/uploads\/2024\/02\/logo-JE-bleu.png 442w\" sizes=\"(max-width: 24px) 100vw, 24px\" \/>L\u2019atelier ne requiert pas de comp\u00e9tences artistiques puisqu\u2019il n\u2019agit pas dans le registre de l\u2019esth\u00e9tique mais de <span style=\"color: #d8007e;\">l\u2019imagination<\/span> et de <span style=\"color: #d8007e;\">l\u2019expression<\/span>.<\/p><p><img loading=\"lazy\" decoding=\"async\" class=\"wp-image-313 alignleft\" src=\"https:\/\/monterraindeje.fr\/wp-content\/uploads\/2024\/02\/logo-JE-bleu-300x280.png\" alt=\"\" width=\"22\" height=\"21\" srcset=\"https:\/\/monterraindeje.fr\/wp-content\/uploads\/2024\/02\/logo-JE-bleu-300x280.png 300w, https:\/\/monterraindeje.fr\/wp-content\/uploads\/2024\/02\/logo-JE-bleu-150x150.png 150w, https:\/\/monterraindeje.fr\/wp-content\/uploads\/2024\/02\/logo-JE-bleu.png 442w\" sizes=\"(max-width: 22px) 100vw, 22px\" \/>La production induit un travail psychique durant la s\u00e9ance et non en dehors.<\/p><p><img loading=\"lazy\" decoding=\"async\" class=\" wp-image-313 alignleft\" src=\"https:\/\/monterraindeje.fr\/wp-content\/uploads\/2024\/02\/logo-JE-bleu-300x280.png\" alt=\"\" width=\"22\" height=\"20\" srcset=\"https:\/\/monterraindeje.fr\/wp-content\/uploads\/2024\/02\/logo-JE-bleu-300x280.png 300w, https:\/\/monterraindeje.fr\/wp-content\/uploads\/2024\/02\/logo-JE-bleu.png 442w\" sizes=\"(max-width: 22px) 100vw, 22px\" \/> Le travail peut \u00eatre <span style=\"color: #d8007e;\">\u00e9ducatif, p\u00e9dagogique ou th\u00e9rapeutique<\/span> selon les besoins.<\/p>\t\t\t\t\t\t<\/div>\n\t\t\t\t<\/div>\n\t\t\t\t<\/div>\n\t\t\t\t\t<\/div>\n\t\t\t\t<\/div>\n\t\t\t\t<\/div>\n\t\t","protected":false},"excerpt":{"rendered":"<p>Arts plastiques Terre Photolangage \u00c9criture Expression corporelle Cuisine Je propose plusieurs m\u00e9diations artistiques en fonction du projet d\u2019accompagnement d\u00e9fini sur l\u2019indication m\u00e9dicale et du souhait de la personne. Chaque m\u00e9diation pr\u00e9sente des fonctions sp\u00e9cifiques. L\u2019art-th\u00e9rapeute conna\u00eet leurs caract\u00e9ristiques et les pratique lui-m\u00eame. Par sa ma\u00eetrise de chacune d\u2019elles, il les choisit de mani\u00e8re \u00e0 r\u00e9pondre [&hellip;]<\/p>\n","protected":false},"author":2,"featured_media":0,"parent":0,"menu_order":0,"comment_status":"closed","ping_status":"closed","template":"elementor_header_footer","meta":{"ocean_post_layout":"","ocean_both_sidebars_style":"","ocean_both_sidebars_content_width":0,"ocean_both_sidebars_sidebars_width":0,"ocean_sidebar":"","ocean_second_sidebar":"","ocean_disable_margins":"enable","ocean_add_body_class":"","ocean_shortcode_before_top_bar":"","ocean_shortcode_after_top_bar":"","ocean_shortcode_before_header":"","ocean_shortcode_after_header":"","ocean_has_shortcode":"","ocean_shortcode_after_title":"","ocean_shortcode_before_footer_widgets":"","ocean_shortcode_after_footer_widgets":"","ocean_shortcode_before_footer_bottom":"","ocean_shortcode_after_footer_bottom":"","ocean_display_top_bar":"default","ocean_display_header":"default","ocean_header_style":"","ocean_center_header_left_menu":"","ocean_custom_header_template":"","ocean_custom_logo":0,"ocean_custom_retina_logo":0,"ocean_custom_logo_max_width":0,"ocean_custom_logo_tablet_max_width":0,"ocean_custom_logo_mobile_max_width":0,"ocean_custom_logo_max_height":0,"ocean_custom_logo_tablet_max_height":0,"ocean_custom_logo_mobile_max_height":0,"ocean_header_custom_menu":"","ocean_menu_typo_font_family":"","ocean_menu_typo_font_subset":"","ocean_menu_typo_font_size":0,"ocean_menu_typo_font_size_tablet":0,"ocean_menu_typo_font_size_mobile":0,"ocean_menu_typo_font_size_unit":"px","ocean_menu_typo_font_weight":"","ocean_menu_typo_font_weight_tablet":"","ocean_menu_typo_font_weight_mobile":"","ocean_menu_typo_transform":"","ocean_menu_typo_transform_tablet":"","ocean_menu_typo_transform_mobile":"","ocean_menu_typo_line_height":0,"ocean_menu_typo_line_height_tablet":0,"ocean_menu_typo_line_height_mobile":0,"ocean_menu_typo_line_height_unit":"","ocean_menu_typo_spacing":0,"ocean_menu_typo_spacing_tablet":0,"ocean_menu_typo_spacing_mobile":0,"ocean_menu_typo_spacing_unit":"","ocean_menu_link_color":"","ocean_menu_link_color_hover":"","ocean_menu_link_color_active":"","ocean_menu_link_background":"","ocean_menu_link_hover_background":"","ocean_menu_link_active_background":"","ocean_menu_social_links_bg":"","ocean_menu_social_hover_links_bg":"","ocean_menu_social_links_color":"","ocean_menu_social_hover_links_color":"","ocean_disable_title":"default","ocean_disable_heading":"default","ocean_post_title":"","ocean_post_subheading":"","ocean_post_title_style":"","ocean_post_title_background_color":"","ocean_post_title_background":0,"ocean_post_title_bg_image_position":"","ocean_post_title_bg_image_attachment":"","ocean_post_title_bg_image_repeat":"","ocean_post_title_bg_image_size":"","ocean_post_title_height":0,"ocean_post_title_bg_overlay":0.5,"ocean_post_title_bg_overlay_color":"","ocean_disable_breadcrumbs":"default","ocean_breadcrumbs_color":"","ocean_breadcrumbs_separator_color":"","ocean_breadcrumbs_links_color":"","ocean_breadcrumbs_links_hover_color":"","ocean_display_footer_widgets":"default","ocean_display_footer_bottom":"default","ocean_custom_footer_template":"","footnotes":""},"class_list":["post-112","page","type-page","status-publish","hentry","entry"],"_links":{"self":[{"href":"https:\/\/monterraindeje.fr\/index.php\/wp-json\/wp\/v2\/pages\/112","targetHints":{"allow":["GET"]}}],"collection":[{"href":"https:\/\/monterraindeje.fr\/index.php\/wp-json\/wp\/v2\/pages"}],"about":[{"href":"https:\/\/monterraindeje.fr\/index.php\/wp-json\/wp\/v2\/types\/page"}],"author":[{"embeddable":true,"href":"https:\/\/monterraindeje.fr\/index.php\/wp-json\/wp\/v2\/users\/2"}],"replies":[{"embeddable":true,"href":"https:\/\/monterraindeje.fr\/index.php\/wp-json\/wp\/v2\/comments?post=112"}],"version-history":[{"count":75,"href":"https:\/\/monterraindeje.fr\/index.php\/wp-json\/wp\/v2\/pages\/112\/revisions"}],"predecessor-version":[{"id":800,"href":"https:\/\/monterraindeje.fr\/index.php\/wp-json\/wp\/v2\/pages\/112\/revisions\/800"}],"wp:attachment":[{"href":"https:\/\/monterraindeje.fr\/index.php\/wp-json\/wp\/v2\/media?parent=112"}],"curies":[{"name":"wp","href":"https:\/\/api.w.org\/{rel}","templated":true}]}}