{"id":118,"date":"2024-02-05T14:30:51","date_gmt":"2024-02-05T13:30:51","guid":{"rendered":"https:\/\/monterraindeje.fr\/?page_id=118"},"modified":"2024-04-06T11:51:18","modified_gmt":"2024-04-06T09:51:18","slug":"qui-suis-je","status":"publish","type":"page","link":"https:\/\/monterraindeje.fr\/index.php\/qui-suis-je\/","title":{"rendered":"Qui suis &#8211; je"},"content":{"rendered":"\t\t<div data-elementor-type=\"wp-page\" data-elementor-id=\"118\" class=\"elementor elementor-118\" data-elementor-post-type=\"page\">\n\t\t\t\t<div class=\"elementor-element elementor-element-b959836 e-flex e-con-boxed e-con e-parent\" data-id=\"b959836\" data-element_type=\"container\" data-settings=\"{&quot;background_background&quot;:&quot;gradient&quot;,&quot;content_width&quot;:&quot;boxed&quot;}\" data-core-v316-plus=\"true\">\n\t\t\t\t\t<div class=\"e-con-inner\">\n\t\t\t\t<div class=\"elementor-element elementor-element-c03eb04 elementor-widget elementor-widget-image\" data-id=\"c03eb04\" data-element_type=\"widget\" data-widget_type=\"image.default\">\n\t\t\t\t<div class=\"elementor-widget-container\">\n\t\t\t<style>\/*! elementor - v3.19.0 - 28-02-2024 *\/\n.elementor-widget-image{text-align:center}.elementor-widget-image a{display:inline-block}.elementor-widget-image a img[src$=\".svg\"]{width:48px}.elementor-widget-image img{vertical-align:middle;display:inline-block}<\/style>\t\t\t\t\t\t\t\t\t\t<img fetchpriority=\"high\" decoding=\"async\" width=\"1024\" height=\"209\" src=\"https:\/\/monterraindeje.fr\/wp-content\/uploads\/2024\/03\/Qui-suis-je-1024x209.png\" class=\"attachment-large size-large wp-image-623\" alt=\"\" srcset=\"https:\/\/monterraindeje.fr\/wp-content\/uploads\/2024\/03\/Qui-suis-je-1024x209.png 1024w, https:\/\/monterraindeje.fr\/wp-content\/uploads\/2024\/03\/Qui-suis-je-300x61.png 300w, https:\/\/monterraindeje.fr\/wp-content\/uploads\/2024\/03\/Qui-suis-je-768x157.png 768w, https:\/\/monterraindeje.fr\/wp-content\/uploads\/2024\/03\/Qui-suis-je-1536x314.png 1536w, https:\/\/monterraindeje.fr\/wp-content\/uploads\/2024\/03\/Qui-suis-je.png 1690w\" sizes=\"(max-width: 1024px) 100vw, 1024px\" \/>\t\t\t\t\t\t\t\t\t\t\t\t\t<\/div>\n\t\t\t\t<\/div>\n\t\t\t\t\t<\/div>\n\t\t\t\t<\/div>\n\t\t<div class=\"elementor-element elementor-element-b6c0db3 e-con-full e-flex e-con e-parent\" data-id=\"b6c0db3\" data-element_type=\"container\" data-settings=\"{&quot;content_width&quot;:&quot;full&quot;}\" data-core-v316-plus=\"true\">\n\t\t<div class=\"elementor-element elementor-element-8e83496 e-con-full e-flex e-con e-child\" data-id=\"8e83496\" data-element_type=\"container\" data-settings=\"{&quot;content_width&quot;:&quot;full&quot;}\">\n\t\t\t\t<div class=\"elementor-element elementor-element-3dcd62a elementor-widget__width-initial elementor-widget elementor-widget-image\" data-id=\"3dcd62a\" data-element_type=\"widget\" data-widget_type=\"image.default\">\n\t\t\t\t<div class=\"elementor-widget-container\">\n\t\t\t\t\t\t\t\t\t\t\t\t\t<img decoding=\"async\" width=\"505\" height=\"660\" src=\"https:\/\/monterraindeje.fr\/wp-content\/uploads\/2024\/04\/Stef-portrait.jpg\" class=\"attachment-large size-large wp-image-718\" alt=\"\" srcset=\"https:\/\/monterraindeje.fr\/wp-content\/uploads\/2024\/04\/Stef-portrait.jpg 505w, https:\/\/monterraindeje.fr\/wp-content\/uploads\/2024\/04\/Stef-portrait-230x300.jpg 230w\" sizes=\"(max-width: 505px) 100vw, 505px\" \/>\t\t\t\t\t\t\t\t\t\t\t\t\t<\/div>\n\t\t\t\t<\/div>\n\t\t\t\t<\/div>\n\t\t<div class=\"elementor-element elementor-element-f1607b9 e-con-full e-flex e-con e-child\" data-id=\"f1607b9\" data-element_type=\"container\" data-settings=\"{&quot;content_width&quot;:&quot;full&quot;}\">\n\t\t\t\t<div class=\"elementor-element elementor-element-379420f elementor-widget elementor-widget-heading\" data-id=\"379420f\" data-element_type=\"widget\" data-widget_type=\"heading.default\">\n\t\t\t\t<div class=\"elementor-widget-container\">\n\t\t\t<style>\/*! elementor - v3.19.0 - 28-02-2024 *\/\n.elementor-heading-title{padding:0;margin:0;line-height:1}.elementor-widget-heading .elementor-heading-title[class*=elementor-size-]>a{color:inherit;font-size:inherit;line-height:inherit}.elementor-widget-heading .elementor-heading-title.elementor-size-small{font-size:15px}.elementor-widget-heading .elementor-heading-title.elementor-size-medium{font-size:19px}.elementor-widget-heading .elementor-heading-title.elementor-size-large{font-size:29px}.elementor-widget-heading .elementor-heading-title.elementor-size-xl{font-size:39px}.elementor-widget-heading .elementor-heading-title.elementor-size-xxl{font-size:59px}<\/style><h2 class=\"elementor-heading-title elementor-size-default\">la relation<\/h2>\t\t<\/div>\n\t\t\t\t<\/div>\n\t\t\t\t<div class=\"elementor-element elementor-element-3d7a41e elementor-widget elementor-widget-text-editor\" data-id=\"3d7a41e\" data-element_type=\"widget\" data-widget_type=\"text-editor.default\">\n\t\t\t\t<div class=\"elementor-widget-container\">\n\t\t\t<style>\/*! elementor - v3.19.0 - 28-02-2024 *\/\n.elementor-widget-text-editor.elementor-drop-cap-view-stacked .elementor-drop-cap{background-color:#69727d;color:#fff}.elementor-widget-text-editor.elementor-drop-cap-view-framed .elementor-drop-cap{color:#69727d;border:3px solid;background-color:transparent}.elementor-widget-text-editor:not(.elementor-drop-cap-view-default) .elementor-drop-cap{margin-top:8px}.elementor-widget-text-editor:not(.elementor-drop-cap-view-default) .elementor-drop-cap-letter{width:1em;height:1em}.elementor-widget-text-editor .elementor-drop-cap{float:left;text-align:center;line-height:1;font-size:50px}.elementor-widget-text-editor .elementor-drop-cap-letter{display:inline-block}<\/style>\t\t\t\t<p><img decoding=\"async\" class=\" wp-image-584 alignleft\" src=\"https:\/\/monterraindeje.fr\/wp-content\/uploads\/2024\/02\/cropped-logo-JE-bleu-300x300.png\" alt=\"\" width=\"18\" height=\"18\" srcset=\"https:\/\/monterraindeje.fr\/wp-content\/uploads\/2024\/02\/cropped-logo-JE-bleu-300x300.png 300w, https:\/\/monterraindeje.fr\/wp-content\/uploads\/2024\/02\/cropped-logo-JE-bleu-150x150.png 150w, https:\/\/monterraindeje.fr\/wp-content\/uploads\/2024\/02\/cropped-logo-JE-bleu-270x270.png 270w, https:\/\/monterraindeje.fr\/wp-content\/uploads\/2024\/02\/cropped-logo-JE-bleu-192x192.png 192w, https:\/\/monterraindeje.fr\/wp-content\/uploads\/2024\/02\/cropped-logo-JE-bleu-180x180.png 180w, https:\/\/monterraindeje.fr\/wp-content\/uploads\/2024\/02\/cropped-logo-JE-bleu-32x32.png 32w, https:\/\/monterraindeje.fr\/wp-content\/uploads\/2024\/02\/cropped-logo-JE-bleu.png 512w\" sizes=\"(max-width: 18px) 100vw, 18px\" \/>\u00a0Apr\u00e8s une carri\u00e8re de <span style=\"color: #d80087;\">directrice artistique<\/span> dans l&rsquo;\u00e9dition \u00e0 l&rsquo;issue d&rsquo;une formation sup\u00e9rieure en arts graphiques, une passion pour la cuisine m&rsquo;a amen\u00e9 \u00e0 \u00e9crire trois ouvrages culinaires. Suite \u00e0 une reconversion professionnelle et \u00e0 l&rsquo;obtention d&rsquo;un CAP cuisine, j&rsquo;ai occup\u00e9 des postes de <span style=\"color: #d80087;\">cheffe de cuisine<\/span> ou cuisini\u00e8re dans divers \u00e9tablissements, du gastronomique \u00e0 la collectivit\u00e9.\u00a0<\/p><p><img decoding=\"async\" class=\" wp-image-584 alignleft\" src=\"https:\/\/monterraindeje.fr\/wp-content\/uploads\/2024\/02\/cropped-logo-JE-bleu-300x300.png\" alt=\"\" width=\"18\" height=\"18\" srcset=\"https:\/\/monterraindeje.fr\/wp-content\/uploads\/2024\/02\/cropped-logo-JE-bleu-300x300.png 300w, https:\/\/monterraindeje.fr\/wp-content\/uploads\/2024\/02\/cropped-logo-JE-bleu-150x150.png 150w, https:\/\/monterraindeje.fr\/wp-content\/uploads\/2024\/02\/cropped-logo-JE-bleu-270x270.png 270w, https:\/\/monterraindeje.fr\/wp-content\/uploads\/2024\/02\/cropped-logo-JE-bleu-192x192.png 192w, https:\/\/monterraindeje.fr\/wp-content\/uploads\/2024\/02\/cropped-logo-JE-bleu-180x180.png 180w, https:\/\/monterraindeje.fr\/wp-content\/uploads\/2024\/02\/cropped-logo-JE-bleu-32x32.png 32w, https:\/\/monterraindeje.fr\/wp-content\/uploads\/2024\/02\/cropped-logo-JE-bleu.png 512w\" sizes=\"(max-width: 18px) 100vw, 18px\" \/>La rencontre avec une art-th\u00e9rapeute nouvellement arriv\u00e9e dans l&rsquo;Ehpad o\u00f9 j&rsquo;officiais en tant que cheffe, a anim\u00e9e la voie imagin\u00e9e pour rassembler toutes mes comp\u00e9tences et app\u00e9tences profondes : la <span style=\"color: #d80087;\">cr\u00e9ativit\u00e9<\/span> qui est ma toile de fond et <span style=\"color: #d80087;\">la relation<\/span> qui tresse le fil rouge de mon activit\u00e9 professionnelle.<\/p><p><img decoding=\"async\" class=\" wp-image-584 alignleft\" src=\"https:\/\/monterraindeje.fr\/wp-content\/uploads\/2024\/02\/cropped-logo-JE-bleu-300x300.png\" alt=\"\" width=\"18\" height=\"18\" srcset=\"https:\/\/monterraindeje.fr\/wp-content\/uploads\/2024\/02\/cropped-logo-JE-bleu-300x300.png 300w, https:\/\/monterraindeje.fr\/wp-content\/uploads\/2024\/02\/cropped-logo-JE-bleu-150x150.png 150w, https:\/\/monterraindeje.fr\/wp-content\/uploads\/2024\/02\/cropped-logo-JE-bleu-270x270.png 270w, https:\/\/monterraindeje.fr\/wp-content\/uploads\/2024\/02\/cropped-logo-JE-bleu-192x192.png 192w, https:\/\/monterraindeje.fr\/wp-content\/uploads\/2024\/02\/cropped-logo-JE-bleu-180x180.png 180w, https:\/\/monterraindeje.fr\/wp-content\/uploads\/2024\/02\/cropped-logo-JE-bleu-32x32.png 32w, https:\/\/monterraindeje.fr\/wp-content\/uploads\/2024\/02\/cropped-logo-JE-bleu.png 512w\" sizes=\"(max-width: 18px) 100vw, 18px\" \/>Une petite graine a germ\u00e9 depuis cette rencontre pour se concr\u00e9tiser par une formation de deux ans et l&rsquo;obtention de ma certification d&rsquo;art-th\u00e9rapeute en 2023. <br \/>J&rsquo;ai accompagn\u00e9 diff\u00e9rentes formes de souffrance durant ma formation : <span style=\"color: #d80087;\">psychiatrie, autisme, handicaps<\/span> neuro-cognitifs, moteurs et comportementaux, <span style=\"color: #d80087;\">personnes \u00e2g\u00e9es<\/span> d\u00e9pendantes.<\/p><p><img decoding=\"async\" class=\" wp-image-584 alignleft\" src=\"https:\/\/monterraindeje.fr\/wp-content\/uploads\/2024\/02\/cropped-logo-JE-bleu-300x300.png\" alt=\"\" width=\"18\" height=\"18\" srcset=\"https:\/\/monterraindeje.fr\/wp-content\/uploads\/2024\/02\/cropped-logo-JE-bleu-300x300.png 300w, https:\/\/monterraindeje.fr\/wp-content\/uploads\/2024\/02\/cropped-logo-JE-bleu-150x150.png 150w, https:\/\/monterraindeje.fr\/wp-content\/uploads\/2024\/02\/cropped-logo-JE-bleu-270x270.png 270w, https:\/\/monterraindeje.fr\/wp-content\/uploads\/2024\/02\/cropped-logo-JE-bleu-192x192.png 192w, https:\/\/monterraindeje.fr\/wp-content\/uploads\/2024\/02\/cropped-logo-JE-bleu-180x180.png 180w, https:\/\/monterraindeje.fr\/wp-content\/uploads\/2024\/02\/cropped-logo-JE-bleu-32x32.png 32w, https:\/\/monterraindeje.fr\/wp-content\/uploads\/2024\/02\/cropped-logo-JE-bleu.png 512w\" sizes=\"(max-width: 18px) 100vw, 18px\" \/>Je souhaite \u00e0 pr\u00e9sent accompagner des personnes en difficult\u00e9 psychique, physique ou sociale avec les outils que j\u2019ai d\u00e9velopp\u00e9s.<\/p>\t\t\t\t\t\t<\/div>\n\t\t\t\t<\/div>\n\t\t\t\t<div class=\"elementor-element elementor-element-987cd9f elementor-widget elementor-widget-heading\" data-id=\"987cd9f\" data-element_type=\"widget\" data-widget_type=\"heading.default\">\n\t\t\t\t<div class=\"elementor-widget-container\">\n\t\t\t<h2 class=\"elementor-heading-title elementor-size-default\">soigner les \u201centours\u201d du soin<\/h2>\t\t<\/div>\n\t\t\t\t<\/div>\n\t\t\t\t<\/div>\n\t\t\t\t<\/div>\n\t\t\t\t<\/div>\n\t\t","protected":false},"excerpt":{"rendered":"<p>la relation \u00a0Apr\u00e8s une carri\u00e8re de directrice artistique dans l&rsquo;\u00e9dition \u00e0 l&rsquo;issue d&rsquo;une formation sup\u00e9rieure en arts graphiques, une passion pour la cuisine m&rsquo;a amen\u00e9 \u00e0 \u00e9crire trois ouvrages culinaires. Suite \u00e0 une reconversion professionnelle et \u00e0 l&rsquo;obtention d&rsquo;un CAP cuisine, j&rsquo;ai occup\u00e9 des postes de cheffe de cuisine ou cuisini\u00e8re dans divers \u00e9tablissements, du [&hellip;]<\/p>\n","protected":false},"author":2,"featured_media":0,"parent":0,"menu_order":0,"comment_status":"closed","ping_status":"closed","template":"elementor_header_footer","meta":{"ocean_post_layout":"","ocean_both_sidebars_style":"","ocean_both_sidebars_content_width":0,"ocean_both_sidebars_sidebars_width":0,"ocean_sidebar":"","ocean_second_sidebar":"","ocean_disable_margins":"enable","ocean_add_body_class":"","ocean_shortcode_before_top_bar":"","ocean_shortcode_after_top_bar":"","ocean_shortcode_before_header":"","ocean_shortcode_after_header":"","ocean_has_shortcode":"","ocean_shortcode_after_title":"","ocean_shortcode_before_footer_widgets":"","ocean_shortcode_after_footer_widgets":"","ocean_shortcode_before_footer_bottom":"","ocean_shortcode_after_footer_bottom":"","ocean_display_top_bar":"default","ocean_display_header":"default","ocean_header_style":"","ocean_center_header_left_menu":"","ocean_custom_header_template":"","ocean_custom_logo":0,"ocean_custom_retina_logo":0,"ocean_custom_logo_max_width":0,"ocean_custom_logo_tablet_max_width":0,"ocean_custom_logo_mobile_max_width":0,"ocean_custom_logo_max_height":0,"ocean_custom_logo_tablet_max_height":0,"ocean_custom_logo_mobile_max_height":0,"ocean_header_custom_menu":"","ocean_menu_typo_font_family":"","ocean_menu_typo_font_subset":"","ocean_menu_typo_font_size":0,"ocean_menu_typo_font_size_tablet":0,"ocean_menu_typo_font_size_mobile":0,"ocean_menu_typo_font_size_unit":"px","ocean_menu_typo_font_weight":"","ocean_menu_typo_font_weight_tablet":"","ocean_menu_typo_font_weight_mobile":"","ocean_menu_typo_transform":"","ocean_menu_typo_transform_tablet":"","ocean_menu_typo_transform_mobile":"","ocean_menu_typo_line_height":0,"ocean_menu_typo_line_height_tablet":0,"ocean_menu_typo_line_height_mobile":0,"ocean_menu_typo_line_height_unit":"","ocean_menu_typo_spacing":0,"ocean_menu_typo_spacing_tablet":0,"ocean_menu_typo_spacing_mobile":0,"ocean_menu_typo_spacing_unit":"","ocean_menu_link_color":"","ocean_menu_link_color_hover":"","ocean_menu_link_color_active":"","ocean_menu_link_background":"","ocean_menu_link_hover_background":"","ocean_menu_link_active_background":"","ocean_menu_social_links_bg":"","ocean_menu_social_hover_links_bg":"","ocean_menu_social_links_color":"","ocean_menu_social_hover_links_color":"","ocean_disable_title":"default","ocean_disable_heading":"default","ocean_post_title":"","ocean_post_subheading":"","ocean_post_title_style":"","ocean_post_title_background_color":"","ocean_post_title_background":0,"ocean_post_title_bg_image_position":"","ocean_post_title_bg_image_attachment":"","ocean_post_title_bg_image_repeat":"","ocean_post_title_bg_image_size":"","ocean_post_title_height":0,"ocean_post_title_bg_overlay":0.5,"ocean_post_title_bg_overlay_color":"","ocean_disable_breadcrumbs":"default","ocean_breadcrumbs_color":"","ocean_breadcrumbs_separator_color":"","ocean_breadcrumbs_links_color":"","ocean_breadcrumbs_links_hover_color":"","ocean_display_footer_widgets":"default","ocean_display_footer_bottom":"default","ocean_custom_footer_template":"","footnotes":""},"class_list":["post-118","page","type-page","status-publish","hentry","entry"],"_links":{"self":[{"href":"https:\/\/monterraindeje.fr\/index.php\/wp-json\/wp\/v2\/pages\/118","targetHints":{"allow":["GET"]}}],"collection":[{"href":"https:\/\/monterraindeje.fr\/index.php\/wp-json\/wp\/v2\/pages"}],"about":[{"href":"https:\/\/monterraindeje.fr\/index.php\/wp-json\/wp\/v2\/types\/page"}],"author":[{"embeddable":true,"href":"https:\/\/monterraindeje.fr\/index.php\/wp-json\/wp\/v2\/users\/2"}],"replies":[{"embeddable":true,"href":"https:\/\/monterraindeje.fr\/index.php\/wp-json\/wp\/v2\/comments?post=118"}],"version-history":[{"count":22,"href":"https:\/\/monterraindeje.fr\/index.php\/wp-json\/wp\/v2\/pages\/118\/revisions"}],"predecessor-version":[{"id":724,"href":"https:\/\/monterraindeje.fr\/index.php\/wp-json\/wp\/v2\/pages\/118\/revisions\/724"}],"wp:attachment":[{"href":"https:\/\/monterraindeje.fr\/index.php\/wp-json\/wp\/v2\/media?parent=118"}],"curies":[{"name":"wp","href":"https:\/\/api.w.org\/{rel}","templated":true}]}}