{"id":350,"date":"2024-02-29T17:26:02","date_gmt":"2024-02-29T16:26:02","guid":{"rendered":"https:\/\/monterraindeje.fr\/?page_id=350"},"modified":"2024-04-06T10:12:22","modified_gmt":"2024-04-06T08:12:22","slug":"art-plastiques","status":"publish","type":"page","link":"https:\/\/monterraindeje.fr\/index.php\/art-plastiques\/","title":{"rendered":"Art plastiques"},"content":{"rendered":"\t\t<div data-elementor-type=\"wp-page\" data-elementor-id=\"350\" class=\"elementor elementor-350\" data-elementor-post-type=\"page\">\n\t\t\t\t<div class=\"elementor-element elementor-element-6d34fc7 e-flex e-con-boxed e-con e-parent\" data-id=\"6d34fc7\" data-element_type=\"container\" data-settings=\"{&quot;background_background&quot;:&quot;classic&quot;,&quot;content_width&quot;:&quot;boxed&quot;}\" data-core-v316-plus=\"true\">\n\t\t\t\t\t<div class=\"e-con-inner\">\n\t\t\t\t<div class=\"elementor-element elementor-element-23c6561 elementor-widget__width-initial elementor-widget elementor-widget-image\" data-id=\"23c6561\" data-element_type=\"widget\" data-widget_type=\"image.default\">\n\t\t\t\t<div class=\"elementor-widget-container\">\n\t\t\t<style>\/*! elementor - v3.19.0 - 28-02-2024 *\/\n.elementor-widget-image{text-align:center}.elementor-widget-image a{display:inline-block}.elementor-widget-image a img[src$=\".svg\"]{width:48px}.elementor-widget-image img{vertical-align:middle;display:inline-block}<\/style>\t\t\t\t\t\t\t\t\t\t<img fetchpriority=\"high\" decoding=\"async\" width=\"281\" height=\"613\" src=\"https:\/\/monterraindeje.fr\/wp-content\/uploads\/2024\/03\/arts-plastiques-picto.png\" class=\"attachment-large size-large wp-image-456\" alt=\"\" srcset=\"https:\/\/monterraindeje.fr\/wp-content\/uploads\/2024\/03\/arts-plastiques-picto.png 281w, https:\/\/monterraindeje.fr\/wp-content\/uploads\/2024\/03\/arts-plastiques-picto-138x300.png 138w\" sizes=\"(max-width: 281px) 100vw, 281px\" \/>\t\t\t\t\t\t\t\t\t\t\t\t\t<\/div>\n\t\t\t\t<\/div>\n\t\t\t\t<div class=\"elementor-element elementor-element-8334491 elementor-widget__width-initial elementor-widget elementor-widget-image\" data-id=\"8334491\" data-element_type=\"widget\" data-widget_type=\"image.default\">\n\t\t\t\t<div class=\"elementor-widget-container\">\n\t\t\t\t\t\t\t\t\t\t\t\t\t<img decoding=\"async\" width=\"1024\" height=\"133\" src=\"https:\/\/monterraindeje.fr\/wp-content\/uploads\/2024\/03\/arts-plastiques-titre-bandeau-1024x133.png\" class=\"attachment-large size-large wp-image-455\" alt=\"\" srcset=\"https:\/\/monterraindeje.fr\/wp-content\/uploads\/2024\/03\/arts-plastiques-titre-bandeau-1024x133.png 1024w, https:\/\/monterraindeje.fr\/wp-content\/uploads\/2024\/03\/arts-plastiques-titre-bandeau-300x39.png 300w, https:\/\/monterraindeje.fr\/wp-content\/uploads\/2024\/03\/arts-plastiques-titre-bandeau-768x100.png 768w, https:\/\/monterraindeje.fr\/wp-content\/uploads\/2024\/03\/arts-plastiques-titre-bandeau.png 1072w\" sizes=\"(max-width: 1024px) 100vw, 1024px\" \/>\t\t\t\t\t\t\t\t\t\t\t\t\t<\/div>\n\t\t\t\t<\/div>\n\t\t\t\t\t<\/div>\n\t\t\t\t<\/div>\n\t\t<div class=\"elementor-element elementor-element-9b8dbe2 e-con-full e-flex e-con e-parent\" data-id=\"9b8dbe2\" data-element_type=\"container\" data-settings=\"{&quot;content_width&quot;:&quot;full&quot;}\" data-core-v316-plus=\"true\">\n\t\t<div class=\"elementor-element elementor-element-918be45 e-con-full e-flex e-con e-child\" data-id=\"918be45\" data-element_type=\"container\" data-settings=\"{&quot;content_width&quot;:&quot;full&quot;}\">\n\t\t\t\t<div class=\"elementor-element elementor-element-4b02754 elementor-widget elementor-widget-image\" data-id=\"4b02754\" data-element_type=\"widget\" data-widget_type=\"image.default\">\n\t\t\t\t<div class=\"elementor-widget-container\">\n\t\t\t\t\t\t\t\t\t\t\t\t\t<img decoding=\"async\" width=\"284\" height=\"184\" src=\"https:\/\/monterraindeje.fr\/wp-content\/uploads\/2024\/03\/arts-plastiques-1.jpg\" class=\"attachment-large size-large wp-image-571\" alt=\"\" \/>\t\t\t\t\t\t\t\t\t\t\t\t\t<\/div>\n\t\t\t\t<\/div>\n\t\t\t\t<\/div>\n\t\t<div class=\"elementor-element elementor-element-65ecced e-con-full e-flex e-con e-child\" data-id=\"65ecced\" data-element_type=\"container\" data-settings=\"{&quot;content_width&quot;:&quot;full&quot;}\">\n\t\t\t\t<div class=\"elementor-element elementor-element-5abe4cf elementor-widget elementor-widget-text-editor\" data-id=\"5abe4cf\" data-element_type=\"widget\" data-widget_type=\"text-editor.default\">\n\t\t\t\t<div class=\"elementor-widget-container\">\n\t\t\t<style>\/*! elementor - v3.19.0 - 28-02-2024 *\/\n.elementor-widget-text-editor.elementor-drop-cap-view-stacked .elementor-drop-cap{background-color:#69727d;color:#fff}.elementor-widget-text-editor.elementor-drop-cap-view-framed .elementor-drop-cap{color:#69727d;border:3px solid;background-color:transparent}.elementor-widget-text-editor:not(.elementor-drop-cap-view-default) .elementor-drop-cap{margin-top:8px}.elementor-widget-text-editor:not(.elementor-drop-cap-view-default) .elementor-drop-cap-letter{width:1em;height:1em}.elementor-widget-text-editor .elementor-drop-cap{float:left;text-align:center;line-height:1;font-size:50px}.elementor-widget-text-editor .elementor-drop-cap-letter{display:inline-block}<\/style>\t\t\t\t<p><img loading=\"lazy\" decoding=\"async\" class=\" wp-image-313 alignleft\" src=\"https:\/\/monterraindeje.fr\/wp-content\/uploads\/2024\/02\/logo-JE-bleu-300x280.png\" alt=\"\" width=\"19\" height=\"18\" srcset=\"https:\/\/monterraindeje.fr\/wp-content\/uploads\/2024\/02\/logo-JE-bleu-300x280.png 300w, https:\/\/monterraindeje.fr\/wp-content\/uploads\/2024\/02\/logo-JE-bleu-150x150.png 150w, https:\/\/monterraindeje.fr\/wp-content\/uploads\/2024\/02\/logo-JE-bleu.png 442w\" sizes=\"(max-width: 19px) 100vw, 19px\" \/>\u00a0Les arts plastiques ont pour \u00e9tymologie la forme. <br \/>Ils regroupent toutes les pratiques visant une repr\u00e9sentation en aplat ou en volume. C\u2019est <span style=\"color: #e6007e;\">l\u2019art de la surface<\/span>, de l\u2019action sur la mati\u00e8re.<\/p><p><img loading=\"lazy\" decoding=\"async\" class=\" wp-image-313 alignleft\" src=\"https:\/\/monterraindeje.fr\/wp-content\/uploads\/2024\/02\/logo-JE-bleu-300x280.png\" alt=\"\" width=\"19\" height=\"18\" srcset=\"https:\/\/monterraindeje.fr\/wp-content\/uploads\/2024\/02\/logo-JE-bleu-300x280.png 300w, https:\/\/monterraindeje.fr\/wp-content\/uploads\/2024\/02\/logo-JE-bleu-150x150.png 150w, https:\/\/monterraindeje.fr\/wp-content\/uploads\/2024\/02\/logo-JE-bleu.png 442w\" sizes=\"(max-width: 19px) 100vw, 19px\" \/>En cr\u00e9ant un espace pictural, le sujet reconstruit les diff\u00e9rentes phases d\u2019une construction mentale entre repr\u00e9sentation et abstraction.<\/p>\t\t\t\t\t\t<\/div>\n\t\t\t\t<\/div>\n\t\t<div class=\"elementor-element elementor-element-31e5a8e e-con-full e-flex e-con e-child\" data-id=\"31e5a8e\" data-element_type=\"container\" data-settings=\"{&quot;content_width&quot;:&quot;full&quot;}\">\n\t\t\t\t<div class=\"elementor-element elementor-element-098821f elementor-widget__width-initial elementor-widget elementor-widget-heading\" data-id=\"098821f\" data-element_type=\"widget\" data-widget_type=\"heading.default\">\n\t\t\t\t<div class=\"elementor-widget-container\">\n\t\t\t<style>\/*! elementor - v3.19.0 - 28-02-2024 *\/\n.elementor-heading-title{padding:0;margin:0;line-height:1}.elementor-widget-heading .elementor-heading-title[class*=elementor-size-]>a{color:inherit;font-size:inherit;line-height:inherit}.elementor-widget-heading .elementor-heading-title.elementor-size-small{font-size:15px}.elementor-widget-heading .elementor-heading-title.elementor-size-medium{font-size:19px}.elementor-widget-heading .elementor-heading-title.elementor-size-large{font-size:29px}.elementor-widget-heading .elementor-heading-title.elementor-size-xl{font-size:39px}.elementor-widget-heading .elementor-heading-title.elementor-size-xxl{font-size:59px}<\/style><h2 class=\"elementor-heading-title elementor-size-default\">LA PEINTURE \u2022 LE DESSIN\u200b<\/h2>\t\t<\/div>\n\t\t\t\t<\/div>\n\t\t\t\t<\/div>\n\t\t\t\t<\/div>\n\t\t<div class=\"elementor-element elementor-element-6299ef2 e-con-full e-flex e-con e-child\" data-id=\"6299ef2\" data-element_type=\"container\" data-settings=\"{&quot;content_width&quot;:&quot;full&quot;}\">\n\t\t\t\t<div class=\"elementor-element elementor-element-bdc384f elementor-widget__width-initial elementor-widget elementor-widget-text-editor\" data-id=\"bdc384f\" data-element_type=\"widget\" data-widget_type=\"text-editor.default\">\n\t\t\t\t<div class=\"elementor-widget-container\">\n\t\t\t\t\t\t\t<p><img loading=\"lazy\" decoding=\"async\" class=\" wp-image-313 alignleft\" src=\"https:\/\/monterraindeje.fr\/wp-content\/uploads\/2024\/02\/logo-JE-bleu-300x280.png\" alt=\"\" width=\"20\" height=\"19\" srcset=\"https:\/\/monterraindeje.fr\/wp-content\/uploads\/2024\/02\/logo-JE-bleu-300x280.png 300w, https:\/\/monterraindeje.fr\/wp-content\/uploads\/2024\/02\/logo-JE-bleu-150x150.png 150w, https:\/\/monterraindeje.fr\/wp-content\/uploads\/2024\/02\/logo-JE-bleu.png 442w\" sizes=\"(max-width: 20px) 100vw, 20px\" \/>Plusieurs instruments sont possibles : crayon, craie, feutre, plume, pinceau, encre, peinture mais aussi des mat\u00e9riaux issus de la nature telles que sable, pierre, coquillage. <br \/>\u00a0\u00a0 L\u2019art-th\u00e9rapeute par sa technique professionnelle est l\u00e0 pour <span style=\"color: #e6007e;\">d\u00e9dramatiser l\u2019inhibition<\/span> \u00e9ventuelle par rapport au dessin, pour que ce premier obstacle \u00ab <em>Mais je ne sais pas dessiner<\/em> \u00bb puisse \u00eatre d\u00e9pass\u00e9.<\/p><p><img loading=\"lazy\" decoding=\"async\" class=\" wp-image-313 alignleft\" src=\"https:\/\/monterraindeje.fr\/wp-content\/uploads\/2024\/02\/logo-JE-bleu-300x280.png\" alt=\"\" width=\"20\" height=\"19\" srcset=\"https:\/\/monterraindeje.fr\/wp-content\/uploads\/2024\/02\/logo-JE-bleu-300x280.png 300w, https:\/\/monterraindeje.fr\/wp-content\/uploads\/2024\/02\/logo-JE-bleu-150x150.png 150w, https:\/\/monterraindeje.fr\/wp-content\/uploads\/2024\/02\/logo-JE-bleu.png 442w\" sizes=\"(max-width: 20px) 100vw, 20px\" \/>La peinture permet de jouer avec les formes, les couleurs, la texture, les contrastes et les d\u00e9grad\u00e9s et d\u2019engager un langage, un dialogue entre eux, pour <span style=\"color: #e6007e;\">dire autrement<\/span>.<br \/>La peinture peut \u00eatre appr\u00e9hend\u00e9e par son odeur et sa texture avant de devenir une trace.<\/p><p><img loading=\"lazy\" decoding=\"async\" class=\" wp-image-313 alignleft\" src=\"https:\/\/monterraindeje.fr\/wp-content\/uploads\/2024\/02\/logo-JE-bleu-300x280.png\" alt=\"\" width=\"20\" height=\"19\" srcset=\"https:\/\/monterraindeje.fr\/wp-content\/uploads\/2024\/02\/logo-JE-bleu-300x280.png 300w, https:\/\/monterraindeje.fr\/wp-content\/uploads\/2024\/02\/logo-JE-bleu-150x150.png 150w, https:\/\/monterraindeje.fr\/wp-content\/uploads\/2024\/02\/logo-JE-bleu.png 442w\" sizes=\"(max-width: 20px) 100vw, 20px\" \/>Il existe une interaction tr\u00e8s forte entre les couleurs et les \u00e9motions. Un travail avec cette m\u00e9diation permet d\u2019acc\u00e9der \u00e0 un processus \u00e9motionnel et d\u2019entrer dans un processus de subjectivation.<\/p>\t\t\t\t\t\t<\/div>\n\t\t\t\t<\/div>\n\t\t\t\t<div class=\"elementor-element elementor-element-56db599 elementor-widget__width-initial elementor-widget elementor-widget-image\" data-id=\"56db599\" data-element_type=\"widget\" data-widget_type=\"image.default\">\n\t\t\t\t<div class=\"elementor-widget-container\">\n\t\t\t\t\t\t\t\t\t\t\t\t\t<img loading=\"lazy\" decoding=\"async\" width=\"768\" height=\"1024\" src=\"https:\/\/monterraindeje.fr\/wp-content\/uploads\/2024\/03\/arts-plastiques-2-768x1024.jpg\" class=\"attachment-large size-large wp-image-572\" alt=\"\" srcset=\"https:\/\/monterraindeje.fr\/wp-content\/uploads\/2024\/03\/arts-plastiques-2-768x1024.jpg 768w, https:\/\/monterraindeje.fr\/wp-content\/uploads\/2024\/03\/arts-plastiques-2-225x300.jpg 225w, https:\/\/monterraindeje.fr\/wp-content\/uploads\/2024\/03\/arts-plastiques-2.jpg 1063w\" sizes=\"(max-width: 768px) 100vw, 768px\" \/>\t\t\t\t\t\t\t\t\t\t\t\t\t<\/div>\n\t\t\t\t<\/div>\n\t\t\t\t<\/div>\n\t\t\t\t<div class=\"elementor-element elementor-element-718dcb9 elementor-widget__width-inherit elementor-widget elementor-widget-text-editor\" data-id=\"718dcb9\" data-element_type=\"widget\" data-widget_type=\"text-editor.default\">\n\t\t\t\t<div class=\"elementor-widget-container\">\n\t\t\t\t\t\t\t<p style=\"text-align: center;\">LE COLLAGE<\/p>\t\t\t\t\t\t<\/div>\n\t\t\t\t<\/div>\n\t\t<div class=\"elementor-element elementor-element-d81b25b e-con-full e-flex e-con e-child\" data-id=\"d81b25b\" data-element_type=\"container\" data-settings=\"{&quot;content_width&quot;:&quot;full&quot;}\">\n\t\t\t\t<div class=\"elementor-element elementor-element-9fc2042 elementor-widget__width-initial elementor-widget elementor-widget-image\" data-id=\"9fc2042\" data-element_type=\"widget\" data-widget_type=\"image.default\">\n\t\t\t\t<div class=\"elementor-widget-container\">\n\t\t\t\t\t\t\t\t\t\t\t\t\t<img loading=\"lazy\" decoding=\"async\" width=\"1024\" height=\"447\" src=\"https:\/\/monterraindeje.fr\/wp-content\/uploads\/2024\/03\/arts-plastiques-3-1024x447.jpg\" class=\"attachment-large size-large wp-image-573\" alt=\"\" srcset=\"https:\/\/monterraindeje.fr\/wp-content\/uploads\/2024\/03\/arts-plastiques-3-1024x447.jpg 1024w, https:\/\/monterraindeje.fr\/wp-content\/uploads\/2024\/03\/arts-plastiques-3-300x131.jpg 300w, https:\/\/monterraindeje.fr\/wp-content\/uploads\/2024\/03\/arts-plastiques-3-768x335.jpg 768w, https:\/\/monterraindeje.fr\/wp-content\/uploads\/2024\/03\/arts-plastiques-3.jpg 1421w\" sizes=\"(max-width: 1024px) 100vw, 1024px\" \/>\t\t\t\t\t\t\t\t\t\t\t\t\t<\/div>\n\t\t\t\t<\/div>\n\t\t\t\t<div class=\"elementor-element elementor-element-4bddcc6 elementor-widget elementor-widget-text-editor\" data-id=\"4bddcc6\" data-element_type=\"widget\" data-widget_type=\"text-editor.default\">\n\t\t\t\t<div class=\"elementor-widget-container\">\n\t\t\t\t\t\t\t<p><img loading=\"lazy\" decoding=\"async\" class=\" wp-image-313 alignleft\" src=\"https:\/\/monterraindeje.fr\/wp-content\/uploads\/2024\/02\/logo-JE-bleu-300x280.png\" alt=\"\" width=\"20\" height=\"19\" srcset=\"https:\/\/monterraindeje.fr\/wp-content\/uploads\/2024\/02\/logo-JE-bleu-300x280.png 300w, https:\/\/monterraindeje.fr\/wp-content\/uploads\/2024\/02\/logo-JE-bleu-150x150.png 150w, https:\/\/monterraindeje.fr\/wp-content\/uploads\/2024\/02\/logo-JE-bleu.png 442w\" sizes=\"(max-width: 20px) 100vw, 20px\" \/>\u00a0C\u2019est une m\u00e9diation accessible \u00e0 tous qui porte en elle un <span style=\"color: #d80087;\">caract\u00e8re ludique.<\/span><br \/>Elle est facilitatrice de cr\u00e9ativit\u00e9 car elle offre une multitude de repr\u00e9sentations possibles.<\/p><p><img loading=\"lazy\" decoding=\"async\" class=\" wp-image-313 alignleft\" src=\"https:\/\/monterraindeje.fr\/wp-content\/uploads\/2024\/02\/logo-JE-bleu-300x280.png\" alt=\"\" width=\"20\" height=\"19\" srcset=\"https:\/\/monterraindeje.fr\/wp-content\/uploads\/2024\/02\/logo-JE-bleu-300x280.png 300w, https:\/\/monterraindeje.fr\/wp-content\/uploads\/2024\/02\/logo-JE-bleu-150x150.png 150w, https:\/\/monterraindeje.fr\/wp-content\/uploads\/2024\/02\/logo-JE-bleu.png 442w\" sizes=\"(max-width: 20px) 100vw, 20px\" \/>C\u2019est le terrain privil\u00e9gi\u00e9 de l\u2019imagination, de la curiosit\u00e9, de la spontan\u00e9it\u00e9. Elle permet de r\u00e9aliser des tableaux sans peinture. Elle est int\u00e9ressante face \u00e0 un blocage potentiel devant la page blanche.<\/p><p><img loading=\"lazy\" decoding=\"async\" class=\" wp-image-313 alignleft\" src=\"https:\/\/monterraindeje.fr\/wp-content\/uploads\/2024\/02\/logo-JE-bleu-300x280.png\" alt=\"\" width=\"20\" height=\"19\" srcset=\"https:\/\/monterraindeje.fr\/wp-content\/uploads\/2024\/02\/logo-JE-bleu-300x280.png 300w, https:\/\/monterraindeje.fr\/wp-content\/uploads\/2024\/02\/logo-JE-bleu-150x150.png 150w, https:\/\/monterraindeje.fr\/wp-content\/uploads\/2024\/02\/logo-JE-bleu.png 442w\" sizes=\"(max-width: 20px) 100vw, 20px\" \/>Elle ne requiert pas de comp\u00e9tences techniques et favorise donc le l\u00e2cher prise.<\/p><p><img loading=\"lazy\" decoding=\"async\" class=\" wp-image-313 alignleft\" src=\"https:\/\/monterraindeje.fr\/wp-content\/uploads\/2024\/02\/logo-JE-bleu-300x280.png\" alt=\"\" width=\"20\" height=\"19\" srcset=\"https:\/\/monterraindeje.fr\/wp-content\/uploads\/2024\/02\/logo-JE-bleu-300x280.png 300w, https:\/\/monterraindeje.fr\/wp-content\/uploads\/2024\/02\/logo-JE-bleu-150x150.png 150w, https:\/\/monterraindeje.fr\/wp-content\/uploads\/2024\/02\/logo-JE-bleu.png 442w\" sizes=\"(max-width: 20px) 100vw, 20px\" \/>Elle permet de mobiliser des <span style=\"color: #d80087;\">fonctions ex\u00e9cutives cognitive <span style=\"color: #666699;\">et<\/span> motrices.<\/span><\/p><p><img loading=\"lazy\" decoding=\"async\" class=\" wp-image-313 alignleft\" src=\"https:\/\/monterraindeje.fr\/wp-content\/uploads\/2024\/02\/logo-JE-bleu-300x280.png\" alt=\"\" width=\"20\" height=\"19\" srcset=\"https:\/\/monterraindeje.fr\/wp-content\/uploads\/2024\/02\/logo-JE-bleu-300x280.png 300w, https:\/\/monterraindeje.fr\/wp-content\/uploads\/2024\/02\/logo-JE-bleu-150x150.png 150w, https:\/\/monterraindeje.fr\/wp-content\/uploads\/2024\/02\/logo-JE-bleu.png 442w\" sizes=\"(max-width: 20px) 100vw, 20px\" \/>La m\u00e9diation collage travaille sur la temporalit\u00e9 car il est abord\u00e9 de mani\u00e8re s\u00e9quentielle : il y a d\u2019abord une activit\u00e9 de recherche d\u2019images, de collecte et dans un deuxi\u00e8me temps une composition. Ainsi elle peut accompagner un processus de transformation progressif.<br \/>Les images sont des supports qui incitent \u00e0 la projection, facilitent les repr\u00e9sentations.<\/p><p><img loading=\"lazy\" decoding=\"async\" class=\" wp-image-313 alignleft\" src=\"https:\/\/monterraindeje.fr\/wp-content\/uploads\/2024\/02\/logo-JE-bleu-300x280.png\" alt=\"\" width=\"20\" height=\"19\" srcset=\"https:\/\/monterraindeje.fr\/wp-content\/uploads\/2024\/02\/logo-JE-bleu-300x280.png 300w, https:\/\/monterraindeje.fr\/wp-content\/uploads\/2024\/02\/logo-JE-bleu-150x150.png 150w, https:\/\/monterraindeje.fr\/wp-content\/uploads\/2024\/02\/logo-JE-bleu.png 442w\" sizes=\"(max-width: 20px) 100vw, 20px\" \/><\/p><p>Choisir une image parmi d\u2019autres n\u2019est pas un acte neutre.<br \/>La possibilit\u00e9 de construire un univers personnel favorise la subjectivation. Assembler et recoller c\u2019est entrer symboliquement dans un processus de retissage, de recr\u00e9ation de Soi, de <span style=\"color: #d80087;\">reconstruction.<\/span><\/p>\t\t\t\t\t\t<\/div>\n\t\t\t\t<\/div>\n\t\t\t\t<\/div>\n\t\t\t\t<\/div>\n\t\t\t\t<\/div>\n\t\t","protected":false},"excerpt":{"rendered":"<p>\u00a0Les arts plastiques ont pour \u00e9tymologie la forme. Ils regroupent toutes les pratiques visant une repr\u00e9sentation en aplat ou en volume. C\u2019est l\u2019art de la surface, de l\u2019action sur la mati\u00e8re. En cr\u00e9ant un espace pictural, le sujet reconstruit les diff\u00e9rentes phases d\u2019une construction mentale entre repr\u00e9sentation et abstraction. LA PEINTURE \u2022 LE DESSIN\u200b Plusieurs [&hellip;]<\/p>\n","protected":false},"author":2,"featured_media":0,"parent":0,"menu_order":0,"comment_status":"closed","ping_status":"closed","template":"elementor_header_footer","meta":{"ocean_post_layout":"","ocean_both_sidebars_style":"","ocean_both_sidebars_content_width":0,"ocean_both_sidebars_sidebars_width":0,"ocean_sidebar":"","ocean_second_sidebar":"","ocean_disable_margins":"enable","ocean_add_body_class":"","ocean_shortcode_before_top_bar":"","ocean_shortcode_after_top_bar":"","ocean_shortcode_before_header":"","ocean_shortcode_after_header":"","ocean_has_shortcode":"","ocean_shortcode_after_title":"","ocean_shortcode_before_footer_widgets":"","ocean_shortcode_after_footer_widgets":"","ocean_shortcode_before_footer_bottom":"","ocean_shortcode_after_footer_bottom":"","ocean_display_top_bar":"default","ocean_display_header":"default","ocean_header_style":"","ocean_center_header_left_menu":"","ocean_custom_header_template":"","ocean_custom_logo":0,"ocean_custom_retina_logo":0,"ocean_custom_logo_max_width":0,"ocean_custom_logo_tablet_max_width":0,"ocean_custom_logo_mobile_max_width":0,"ocean_custom_logo_max_height":0,"ocean_custom_logo_tablet_max_height":0,"ocean_custom_logo_mobile_max_height":0,"ocean_header_custom_menu":"","ocean_menu_typo_font_family":"","ocean_menu_typo_font_subset":"","ocean_menu_typo_font_size":0,"ocean_menu_typo_font_size_tablet":0,"ocean_menu_typo_font_size_mobile":0,"ocean_menu_typo_font_size_unit":"px","ocean_menu_typo_font_weight":"","ocean_menu_typo_font_weight_tablet":"","ocean_menu_typo_font_weight_mobile":"","ocean_menu_typo_transform":"","ocean_menu_typo_transform_tablet":"","ocean_menu_typo_transform_mobile":"","ocean_menu_typo_line_height":0,"ocean_menu_typo_line_height_tablet":0,"ocean_menu_typo_line_height_mobile":0,"ocean_menu_typo_line_height_unit":"","ocean_menu_typo_spacing":0,"ocean_menu_typo_spacing_tablet":0,"ocean_menu_typo_spacing_mobile":0,"ocean_menu_typo_spacing_unit":"","ocean_menu_link_color":"","ocean_menu_link_color_hover":"","ocean_menu_link_color_active":"","ocean_menu_link_background":"","ocean_menu_link_hover_background":"","ocean_menu_link_active_background":"","ocean_menu_social_links_bg":"","ocean_menu_social_hover_links_bg":"","ocean_menu_social_links_color":"","ocean_menu_social_hover_links_color":"","ocean_disable_title":"default","ocean_disable_heading":"default","ocean_post_title":"","ocean_post_subheading":"","ocean_post_title_style":"","ocean_post_title_background_color":"","ocean_post_title_background":0,"ocean_post_title_bg_image_position":"","ocean_post_title_bg_image_attachment":"","ocean_post_title_bg_image_repeat":"","ocean_post_title_bg_image_size":"","ocean_post_title_height":0,"ocean_post_title_bg_overlay":0.5,"ocean_post_title_bg_overlay_color":"","ocean_disable_breadcrumbs":"default","ocean_breadcrumbs_color":"","ocean_breadcrumbs_separator_color":"","ocean_breadcrumbs_links_color":"","ocean_breadcrumbs_links_hover_color":"","ocean_display_footer_widgets":"default","ocean_display_footer_bottom":"default","ocean_custom_footer_template":"","footnotes":""},"class_list":["post-350","page","type-page","status-publish","hentry","entry"],"_links":{"self":[{"href":"https:\/\/monterraindeje.fr\/index.php\/wp-json\/wp\/v2\/pages\/350","targetHints":{"allow":["GET"]}}],"collection":[{"href":"https:\/\/monterraindeje.fr\/index.php\/wp-json\/wp\/v2\/pages"}],"about":[{"href":"https:\/\/monterraindeje.fr\/index.php\/wp-json\/wp\/v2\/types\/page"}],"author":[{"embeddable":true,"href":"https:\/\/monterraindeje.fr\/index.php\/wp-json\/wp\/v2\/users\/2"}],"replies":[{"embeddable":true,"href":"https:\/\/monterraindeje.fr\/index.php\/wp-json\/wp\/v2\/comments?post=350"}],"version-history":[{"count":46,"href":"https:\/\/monterraindeje.fr\/index.php\/wp-json\/wp\/v2\/pages\/350\/revisions"}],"predecessor-version":[{"id":688,"href":"https:\/\/monterraindeje.fr\/index.php\/wp-json\/wp\/v2\/pages\/350\/revisions\/688"}],"wp:attachment":[{"href":"https:\/\/monterraindeje.fr\/index.php\/wp-json\/wp\/v2\/media?parent=350"}],"curies":[{"name":"wp","href":"https:\/\/api.w.org\/{rel}","templated":true}]}}