{"id":354,"date":"2024-02-29T17:27:03","date_gmt":"2024-02-29T16:27:03","guid":{"rendered":"https:\/\/monterraindeje.fr\/?page_id=354"},"modified":"2024-04-06T13:17:59","modified_gmt":"2024-04-06T11:17:59","slug":"photo-language","status":"publish","type":"page","link":"https:\/\/monterraindeje.fr\/index.php\/photo-language\/","title":{"rendered":"Photolangage"},"content":{"rendered":"\t\t<div data-elementor-type=\"wp-page\" data-elementor-id=\"354\" class=\"elementor elementor-354\" data-elementor-post-type=\"page\">\n\t\t\t\t<div class=\"elementor-element elementor-element-a32785d e-flex e-con-boxed e-con e-parent\" data-id=\"a32785d\" data-element_type=\"container\" data-settings=\"{&quot;background_background&quot;:&quot;classic&quot;,&quot;content_width&quot;:&quot;boxed&quot;}\" data-core-v316-plus=\"true\">\n\t\t\t\t\t<div class=\"e-con-inner\">\n\t\t\t\t<div class=\"elementor-element elementor-element-f254be2 elementor-widget__width-initial elementor-widget elementor-widget-image\" data-id=\"f254be2\" data-element_type=\"widget\" data-widget_type=\"image.default\">\n\t\t\t\t<div class=\"elementor-widget-container\">\n\t\t\t<style>\/*! elementor - v3.19.0 - 28-02-2024 *\/\n.elementor-widget-image{text-align:center}.elementor-widget-image a{display:inline-block}.elementor-widget-image a img[src$=\".svg\"]{width:48px}.elementor-widget-image img{vertical-align:middle;display:inline-block}<\/style>\t\t\t\t\t\t\t\t\t\t<img fetchpriority=\"high\" decoding=\"async\" width=\"758\" height=\"325\" src=\"https:\/\/monterraindeje.fr\/wp-content\/uploads\/2024\/03\/photolangage-picto.png\" class=\"attachment-large size-large wp-image-465\" alt=\"\" srcset=\"https:\/\/monterraindeje.fr\/wp-content\/uploads\/2024\/03\/photolangage-picto.png 758w, https:\/\/monterraindeje.fr\/wp-content\/uploads\/2024\/03\/photolangage-picto-300x129.png 300w\" sizes=\"(max-width: 758px) 100vw, 758px\" \/>\t\t\t\t\t\t\t\t\t\t\t\t\t<\/div>\n\t\t\t\t<\/div>\n\t\t\t\t<div class=\"elementor-element elementor-element-672d279 elementor-widget__width-initial elementor-widget elementor-widget-image\" data-id=\"672d279\" data-element_type=\"widget\" data-widget_type=\"image.default\">\n\t\t\t\t<div class=\"elementor-widget-container\">\n\t\t\t\t\t\t\t\t\t\t\t\t\t<img decoding=\"async\" width=\"1024\" height=\"91\" src=\"https:\/\/monterraindeje.fr\/wp-content\/uploads\/2024\/03\/photolangage-titre-bandeau-1024x91.png\" class=\"attachment-large size-large wp-image-469\" alt=\"\" srcset=\"https:\/\/monterraindeje.fr\/wp-content\/uploads\/2024\/03\/photolangage-titre-bandeau-1024x91.png 1024w, https:\/\/monterraindeje.fr\/wp-content\/uploads\/2024\/03\/photolangage-titre-bandeau-300x27.png 300w, https:\/\/monterraindeje.fr\/wp-content\/uploads\/2024\/03\/photolangage-titre-bandeau-768x68.png 768w, https:\/\/monterraindeje.fr\/wp-content\/uploads\/2024\/03\/photolangage-titre-bandeau.png 1161w\" sizes=\"(max-width: 1024px) 100vw, 1024px\" \/>\t\t\t\t\t\t\t\t\t\t\t\t\t<\/div>\n\t\t\t\t<\/div>\n\t\t\t\t\t<\/div>\n\t\t\t\t<\/div>\n\t\t<div class=\"elementor-element elementor-element-d425eb3 e-flex e-con-boxed e-con e-parent\" data-id=\"d425eb3\" data-element_type=\"container\" data-settings=\"{&quot;content_width&quot;:&quot;boxed&quot;}\" data-core-v316-plus=\"true\">\n\t\t\t\t\t<div class=\"e-con-inner\">\n\t\t<div class=\"elementor-element elementor-element-530071d e-con-full e-flex e-con e-child\" data-id=\"530071d\" data-element_type=\"container\" data-settings=\"{&quot;content_width&quot;:&quot;full&quot;}\">\n\t\t\t\t<div class=\"elementor-element elementor-element-a34ef2e elementor-widget elementor-widget-image\" data-id=\"a34ef2e\" data-element_type=\"widget\" data-widget_type=\"image.default\">\n\t\t\t\t<div class=\"elementor-widget-container\">\n\t\t\t\t\t\t\t\t\t\t\t\t\t<img decoding=\"async\" width=\"1024\" height=\"768\" src=\"https:\/\/monterraindeje.fr\/wp-content\/uploads\/2024\/03\/photolangage-1024x768.jpg\" class=\"attachment-large size-large wp-image-611\" alt=\"\" srcset=\"https:\/\/monterraindeje.fr\/wp-content\/uploads\/2024\/03\/photolangage-1024x768.jpg 1024w, https:\/\/monterraindeje.fr\/wp-content\/uploads\/2024\/03\/photolangage-300x225.jpg 300w, https:\/\/monterraindeje.fr\/wp-content\/uploads\/2024\/03\/photolangage-768x576.jpg 768w, https:\/\/monterraindeje.fr\/wp-content\/uploads\/2024\/03\/photolangage.jpg 1417w\" sizes=\"(max-width: 1024px) 100vw, 1024px\" \/>\t\t\t\t\t\t\t\t\t\t\t\t\t<\/div>\n\t\t\t\t<\/div>\n\t\t\t\t<\/div>\n\t\t<div class=\"elementor-element elementor-element-d0b090a e-con-full e-flex e-con e-child\" data-id=\"d0b090a\" data-element_type=\"container\" data-settings=\"{&quot;content_width&quot;:&quot;full&quot;}\">\n\t\t\t\t<div class=\"elementor-element elementor-element-44fd385 elementor-widget elementor-widget-text-editor\" data-id=\"44fd385\" data-element_type=\"widget\" data-widget_type=\"text-editor.default\">\n\t\t\t\t<div class=\"elementor-widget-container\">\n\t\t\t<style>\/*! elementor - v3.19.0 - 28-02-2024 *\/\n.elementor-widget-text-editor.elementor-drop-cap-view-stacked .elementor-drop-cap{background-color:#69727d;color:#fff}.elementor-widget-text-editor.elementor-drop-cap-view-framed .elementor-drop-cap{color:#69727d;border:3px solid;background-color:transparent}.elementor-widget-text-editor:not(.elementor-drop-cap-view-default) .elementor-drop-cap{margin-top:8px}.elementor-widget-text-editor:not(.elementor-drop-cap-view-default) .elementor-drop-cap-letter{width:1em;height:1em}.elementor-widget-text-editor .elementor-drop-cap{float:left;text-align:center;line-height:1;font-size:50px}.elementor-widget-text-editor .elementor-drop-cap-letter{display:inline-block}<\/style>\t\t\t\t<p><img loading=\"lazy\" decoding=\"async\" class=\" wp-image-313 alignleft\" src=\"https:\/\/monterraindeje.fr\/wp-content\/uploads\/2024\/02\/logo-JE-bleu-300x280.png\" alt=\"\" width=\"20\" height=\"19\" srcset=\"https:\/\/monterraindeje.fr\/wp-content\/uploads\/2024\/02\/logo-JE-bleu-300x280.png 300w, https:\/\/monterraindeje.fr\/wp-content\/uploads\/2024\/02\/logo-JE-bleu-150x150.png 150w, https:\/\/monterraindeje.fr\/wp-content\/uploads\/2024\/02\/logo-JE-bleu.png 442w\" sizes=\"(max-width: 20px) 100vw, 20px\" \/>La s\u00e9ance se divise en deux temps : dans un premier temps, un choix personnel \u00e0 partir de photos s\u00e9lectionn\u00e9es en fonction de la probl\u00e9matique \u00e0 travailler ; le patient regarde l\u2019ensemble des photos et choisit celle qui lui parle plus.<br \/>\u00a0\u00a0\u00a0 Dans un deuxi\u00e8me temps, \u00e9change et verbalisation. Il exprime ce qu\u2019il ressent par rapport \u00e0 la photo choisie ainsi que son lien aux autres photos.<\/p><p><img loading=\"lazy\" decoding=\"async\" class=\" wp-image-313 alignleft\" src=\"https:\/\/monterraindeje.fr\/wp-content\/uploads\/2024\/02\/logo-JE-bleu-300x280.png\" alt=\"\" width=\"20\" height=\"19\" srcset=\"https:\/\/monterraindeje.fr\/wp-content\/uploads\/2024\/02\/logo-JE-bleu-300x280.png 300w, https:\/\/monterraindeje.fr\/wp-content\/uploads\/2024\/02\/logo-JE-bleu-150x150.png 150w, https:\/\/monterraindeje.fr\/wp-content\/uploads\/2024\/02\/logo-JE-bleu.png 442w\" sizes=\"(max-width: 20px) 100vw, 20px\" \/>Le photolangage facilite l\u2019expression : parler d\u2019une photo s\u00e9par\u00e9e de soi sans parler de soi. Il engage le choix du sujet. Il permet de d\u00e9velopper les <span style=\"color: #d80087;\">capacit\u00e9s associatives<\/span> et de <span style=\"color: #d80087;\">projection.<\/span><\/p><p><img loading=\"lazy\" decoding=\"async\" class=\" wp-image-313 alignleft\" src=\"https:\/\/monterraindeje.fr\/wp-content\/uploads\/2024\/02\/logo-JE-bleu-300x280.png\" alt=\"\" width=\"20\" height=\"19\" srcset=\"https:\/\/monterraindeje.fr\/wp-content\/uploads\/2024\/02\/logo-JE-bleu-300x280.png 300w, https:\/\/monterraindeje.fr\/wp-content\/uploads\/2024\/02\/logo-JE-bleu-150x150.png 150w, https:\/\/monterraindeje.fr\/wp-content\/uploads\/2024\/02\/logo-JE-bleu.png 442w\" sizes=\"(max-width: 20px) 100vw, 20px\" \/>Les photos renvoient \u00e0 des zones inconscientes inscrites dans l\u2019histoire du sujet. La repr\u00e9sentation photographique permet une mise \u00e0 distance de mani\u00e8re privil\u00e9gi\u00e9e.<\/p><p><img loading=\"lazy\" decoding=\"async\" class=\" wp-image-313 alignleft\" src=\"https:\/\/monterraindeje.fr\/wp-content\/uploads\/2024\/02\/logo-JE-bleu-300x280.png\" alt=\"\" width=\"20\" height=\"19\" srcset=\"https:\/\/monterraindeje.fr\/wp-content\/uploads\/2024\/02\/logo-JE-bleu-300x280.png 300w, https:\/\/monterraindeje.fr\/wp-content\/uploads\/2024\/02\/logo-JE-bleu-150x150.png 150w, https:\/\/monterraindeje.fr\/wp-content\/uploads\/2024\/02\/logo-JE-bleu.png 442w\" sizes=\"(max-width: 20px) 100vw, 20px\" \/>L\u2019aspect objectivant de la photo est d\u2019une grande utilit\u00e9 notamment dans les atteintes \u00e0 <span style=\"color: #d80087;\">l\u2019image du corps<\/span>. Elle peut avoir un r\u00f4le \u00e0 jouer dans le travail du deuil. Dans les trauma pour faire face \u00e0 la situation pr\u00e9sente et commencer \u00e0 imaginer les possibles d\u2019un futur.<\/p><p><img loading=\"lazy\" decoding=\"async\" class=\" wp-image-313 alignleft\" src=\"https:\/\/monterraindeje.fr\/wp-content\/uploads\/2024\/02\/logo-JE-bleu-300x280.png\" alt=\"\" width=\"20\" height=\"19\" srcset=\"https:\/\/monterraindeje.fr\/wp-content\/uploads\/2024\/02\/logo-JE-bleu-300x280.png 300w, https:\/\/monterraindeje.fr\/wp-content\/uploads\/2024\/02\/logo-JE-bleu-150x150.png 150w, https:\/\/monterraindeje.fr\/wp-content\/uploads\/2024\/02\/logo-JE-bleu.png 442w\" sizes=\"(max-width: 20px) 100vw, 20px\" \/>Cette m\u00e9diation permet des allers et retours entre le dehors et dedans, les images int\u00e9rieures et les images ext\u00e9rieures, entre <span style=\"color: #d80087;\">imaginaire et symbolique.<\/span><\/p>\t\t\t\t\t\t<\/div>\n\t\t\t\t<\/div>\n\t\t\t\t<\/div>\n\t\t\t\t\t<\/div>\n\t\t\t\t<\/div>\n\t\t\t\t<\/div>\n\t\t","protected":false},"excerpt":{"rendered":"<p>La s\u00e9ance se divise en deux temps : dans un premier temps, un choix personnel \u00e0 partir de photos s\u00e9lectionn\u00e9es en fonction de la probl\u00e9matique \u00e0 travailler ; le patient regarde l\u2019ensemble des photos et choisit celle qui lui parle plus.\u00a0\u00a0\u00a0 Dans un deuxi\u00e8me temps, \u00e9change et verbalisation. Il exprime ce qu\u2019il ressent par rapport [&hellip;]<\/p>\n","protected":false},"author":2,"featured_media":0,"parent":0,"menu_order":0,"comment_status":"closed","ping_status":"closed","template":"elementor_header_footer","meta":{"ocean_post_layout":"","ocean_both_sidebars_style":"","ocean_both_sidebars_content_width":0,"ocean_both_sidebars_sidebars_width":0,"ocean_sidebar":"","ocean_second_sidebar":"","ocean_disable_margins":"enable","ocean_add_body_class":"","ocean_shortcode_before_top_bar":"","ocean_shortcode_after_top_bar":"","ocean_shortcode_before_header":"","ocean_shortcode_after_header":"","ocean_has_shortcode":"","ocean_shortcode_after_title":"","ocean_shortcode_before_footer_widgets":"","ocean_shortcode_after_footer_widgets":"","ocean_shortcode_before_footer_bottom":"","ocean_shortcode_after_footer_bottom":"","ocean_display_top_bar":"default","ocean_display_header":"default","ocean_header_style":"","ocean_center_header_left_menu":"","ocean_custom_header_template":"","ocean_custom_logo":0,"ocean_custom_retina_logo":0,"ocean_custom_logo_max_width":0,"ocean_custom_logo_tablet_max_width":0,"ocean_custom_logo_mobile_max_width":0,"ocean_custom_logo_max_height":0,"ocean_custom_logo_tablet_max_height":0,"ocean_custom_logo_mobile_max_height":0,"ocean_header_custom_menu":"","ocean_menu_typo_font_family":"","ocean_menu_typo_font_subset":"","ocean_menu_typo_font_size":0,"ocean_menu_typo_font_size_tablet":0,"ocean_menu_typo_font_size_mobile":0,"ocean_menu_typo_font_size_unit":"px","ocean_menu_typo_font_weight":"","ocean_menu_typo_font_weight_tablet":"","ocean_menu_typo_font_weight_mobile":"","ocean_menu_typo_transform":"","ocean_menu_typo_transform_tablet":"","ocean_menu_typo_transform_mobile":"","ocean_menu_typo_line_height":0,"ocean_menu_typo_line_height_tablet":0,"ocean_menu_typo_line_height_mobile":0,"ocean_menu_typo_line_height_unit":"","ocean_menu_typo_spacing":0,"ocean_menu_typo_spacing_tablet":0,"ocean_menu_typo_spacing_mobile":0,"ocean_menu_typo_spacing_unit":"","ocean_menu_link_color":"","ocean_menu_link_color_hover":"","ocean_menu_link_color_active":"","ocean_menu_link_background":"","ocean_menu_link_hover_background":"","ocean_menu_link_active_background":"","ocean_menu_social_links_bg":"","ocean_menu_social_hover_links_bg":"","ocean_menu_social_links_color":"","ocean_menu_social_hover_links_color":"","ocean_disable_title":"default","ocean_disable_heading":"default","ocean_post_title":"","ocean_post_subheading":"","ocean_post_title_style":"","ocean_post_title_background_color":"","ocean_post_title_background":0,"ocean_post_title_bg_image_position":"","ocean_post_title_bg_image_attachment":"","ocean_post_title_bg_image_repeat":"","ocean_post_title_bg_image_size":"","ocean_post_title_height":0,"ocean_post_title_bg_overlay":0.5,"ocean_post_title_bg_overlay_color":"","ocean_disable_breadcrumbs":"default","ocean_breadcrumbs_color":"","ocean_breadcrumbs_separator_color":"","ocean_breadcrumbs_links_color":"","ocean_breadcrumbs_links_hover_color":"","ocean_display_footer_widgets":"default","ocean_display_footer_bottom":"default","ocean_custom_footer_template":"","footnotes":""},"class_list":["post-354","page","type-page","status-publish","hentry","entry"],"_links":{"self":[{"href":"https:\/\/monterraindeje.fr\/index.php\/wp-json\/wp\/v2\/pages\/354","targetHints":{"allow":["GET"]}}],"collection":[{"href":"https:\/\/monterraindeje.fr\/index.php\/wp-json\/wp\/v2\/pages"}],"about":[{"href":"https:\/\/monterraindeje.fr\/index.php\/wp-json\/wp\/v2\/types\/page"}],"author":[{"embeddable":true,"href":"https:\/\/monterraindeje.fr\/index.php\/wp-json\/wp\/v2\/users\/2"}],"replies":[{"embeddable":true,"href":"https:\/\/monterraindeje.fr\/index.php\/wp-json\/wp\/v2\/comments?post=354"}],"version-history":[{"count":20,"href":"https:\/\/monterraindeje.fr\/index.php\/wp-json\/wp\/v2\/pages\/354\/revisions"}],"predecessor-version":[{"id":772,"href":"https:\/\/monterraindeje.fr\/index.php\/wp-json\/wp\/v2\/pages\/354\/revisions\/772"}],"wp:attachment":[{"href":"https:\/\/monterraindeje.fr\/index.php\/wp-json\/wp\/v2\/media?parent=354"}],"curies":[{"name":"wp","href":"https:\/\/api.w.org\/{rel}","templated":true}]}}