{"id":356,"date":"2024-02-29T17:27:15","date_gmt":"2024-02-29T16:27:15","guid":{"rendered":"https:\/\/monterraindeje.fr\/?page_id=356"},"modified":"2024-04-06T10:56:22","modified_gmt":"2024-04-06T08:56:22","slug":"ecriture","status":"publish","type":"page","link":"https:\/\/monterraindeje.fr\/index.php\/ecriture\/","title":{"rendered":"\u00c9criture"},"content":{"rendered":"\t\t<div data-elementor-type=\"wp-page\" data-elementor-id=\"356\" class=\"elementor elementor-356\" data-elementor-post-type=\"page\">\n\t\t\t\t<div class=\"elementor-element elementor-element-2ce45bb e-flex e-con-boxed e-con e-parent\" data-id=\"2ce45bb\" data-element_type=\"container\" data-settings=\"{&quot;background_background&quot;:&quot;classic&quot;,&quot;content_width&quot;:&quot;boxed&quot;}\" data-core-v316-plus=\"true\">\n\t\t\t\t\t<div class=\"e-con-inner\">\n\t\t\t\t<div class=\"elementor-element elementor-element-1614f0f elementor-widget__width-initial elementor-widget elementor-widget-image\" data-id=\"1614f0f\" data-element_type=\"widget\" data-widget_type=\"image.default\">\n\t\t\t\t<div class=\"elementor-widget-container\">\n\t\t\t<style>\/*! elementor - v3.19.0 - 28-02-2024 *\/\n.elementor-widget-image{text-align:center}.elementor-widget-image a{display:inline-block}.elementor-widget-image a img[src$=\".svg\"]{width:48px}.elementor-widget-image img{vertical-align:middle;display:inline-block}<\/style>\t\t\t\t\t\t\t\t\t\t<img fetchpriority=\"high\" decoding=\"async\" width=\"858\" height=\"363\" src=\"https:\/\/monterraindeje.fr\/wp-content\/uploads\/2024\/03\/ecriture-picto.png\" class=\"attachment-large size-large wp-image-471\" alt=\"\" srcset=\"https:\/\/monterraindeje.fr\/wp-content\/uploads\/2024\/03\/ecriture-picto.png 858w, https:\/\/monterraindeje.fr\/wp-content\/uploads\/2024\/03\/ecriture-picto-300x127.png 300w, https:\/\/monterraindeje.fr\/wp-content\/uploads\/2024\/03\/ecriture-picto-768x325.png 768w\" sizes=\"(max-width: 858px) 100vw, 858px\" \/>\t\t\t\t\t\t\t\t\t\t\t\t\t<\/div>\n\t\t\t\t<\/div>\n\t\t\t\t<div class=\"elementor-element elementor-element-fe25c38 elementor-widget__width-initial elementor-widget elementor-widget-image\" data-id=\"fe25c38\" data-element_type=\"widget\" data-widget_type=\"image.default\">\n\t\t\t\t<div class=\"elementor-widget-container\">\n\t\t\t\t\t\t\t\t\t\t\t\t\t<img decoding=\"async\" width=\"658\" height=\"129\" src=\"https:\/\/monterraindeje.fr\/wp-content\/uploads\/2024\/03\/ecriture-titre-bandeau.png\" class=\"attachment-large size-large wp-image-467\" alt=\"\" srcset=\"https:\/\/monterraindeje.fr\/wp-content\/uploads\/2024\/03\/ecriture-titre-bandeau.png 658w, https:\/\/monterraindeje.fr\/wp-content\/uploads\/2024\/03\/ecriture-titre-bandeau-300x59.png 300w\" sizes=\"(max-width: 658px) 100vw, 658px\" \/>\t\t\t\t\t\t\t\t\t\t\t\t\t<\/div>\n\t\t\t\t<\/div>\n\t\t\t\t\t<\/div>\n\t\t\t\t<\/div>\n\t\t<div class=\"elementor-element elementor-element-956d547 e-flex e-con-boxed e-con e-parent\" data-id=\"956d547\" data-element_type=\"container\" data-settings=\"{&quot;content_width&quot;:&quot;boxed&quot;}\" data-core-v316-plus=\"true\">\n\t\t\t\t\t<div class=\"e-con-inner\">\n\t\t<div class=\"elementor-element elementor-element-cb012a9 e-con-full e-flex e-con e-child\" data-id=\"cb012a9\" data-element_type=\"container\" data-settings=\"{&quot;content_width&quot;:&quot;full&quot;}\">\n\t\t\t\t<div class=\"elementor-element elementor-element-0ff11ad elementor-widget__width-initial elementor-widget elementor-widget-image\" data-id=\"0ff11ad\" data-element_type=\"widget\" data-widget_type=\"image.default\">\n\t\t\t\t<div class=\"elementor-widget-container\">\n\t\t\t\t\t\t\t\t\t\t\t\t\t<img decoding=\"async\" width=\"1024\" height=\"768\" src=\"https:\/\/monterraindeje.fr\/wp-content\/uploads\/2024\/03\/ecriture-1-1024x768.jpg\" class=\"attachment-large size-large wp-image-598\" alt=\"\" srcset=\"https:\/\/monterraindeje.fr\/wp-content\/uploads\/2024\/03\/ecriture-1-1024x768.jpg 1024w, https:\/\/monterraindeje.fr\/wp-content\/uploads\/2024\/03\/ecriture-1-300x225.jpg 300w, https:\/\/monterraindeje.fr\/wp-content\/uploads\/2024\/03\/ecriture-1-768x576.jpg 768w, https:\/\/monterraindeje.fr\/wp-content\/uploads\/2024\/03\/ecriture-1.jpg 1417w\" sizes=\"(max-width: 1024px) 100vw, 1024px\" \/>\t\t\t\t\t\t\t\t\t\t\t\t\t<\/div>\n\t\t\t\t<\/div>\n\t\t\t\t<\/div>\n\t\t<div class=\"elementor-element elementor-element-d7dcdf1 e-con-full e-flex e-con e-child\" data-id=\"d7dcdf1\" data-element_type=\"container\" data-settings=\"{&quot;content_width&quot;:&quot;full&quot;}\">\n\t\t<div class=\"elementor-element elementor-element-4f0edea e-flex e-con-boxed e-con e-child\" data-id=\"4f0edea\" data-element_type=\"container\" data-settings=\"{&quot;content_width&quot;:&quot;boxed&quot;}\">\n\t\t\t\t\t<div class=\"e-con-inner\">\n\t\t\t\t<div class=\"elementor-element elementor-element-a34f924 elementor-widget elementor-widget-text-editor\" data-id=\"a34f924\" data-element_type=\"widget\" data-widget_type=\"text-editor.default\">\n\t\t\t\t<div class=\"elementor-widget-container\">\n\t\t\t<style>\/*! elementor - v3.19.0 - 28-02-2024 *\/\n.elementor-widget-text-editor.elementor-drop-cap-view-stacked .elementor-drop-cap{background-color:#69727d;color:#fff}.elementor-widget-text-editor.elementor-drop-cap-view-framed .elementor-drop-cap{color:#69727d;border:3px solid;background-color:transparent}.elementor-widget-text-editor:not(.elementor-drop-cap-view-default) .elementor-drop-cap{margin-top:8px}.elementor-widget-text-editor:not(.elementor-drop-cap-view-default) .elementor-drop-cap-letter{width:1em;height:1em}.elementor-widget-text-editor .elementor-drop-cap{float:left;text-align:center;line-height:1;font-size:50px}.elementor-widget-text-editor .elementor-drop-cap-letter{display:inline-block}<\/style>\t\t\t\t<p><img loading=\"lazy\" decoding=\"async\" class=\" wp-image-313 alignleft\" src=\"https:\/\/monterraindeje.fr\/wp-content\/uploads\/2024\/02\/logo-JE-bleu-300x280.png\" alt=\"\" width=\"20\" height=\"19\" srcset=\"https:\/\/monterraindeje.fr\/wp-content\/uploads\/2024\/02\/logo-JE-bleu-300x280.png 300w, https:\/\/monterraindeje.fr\/wp-content\/uploads\/2024\/02\/logo-JE-bleu-150x150.png 150w, https:\/\/monterraindeje.fr\/wp-content\/uploads\/2024\/02\/logo-JE-bleu.png 442w\" sizes=\"(max-width: 20px) 100vw, 20px\" \/>Par sa <span style=\"color: #d80087;\">fonction de r\u00e9organisation<\/span>, l\u2019\u00e9criture facilite une mise \u00e0 distance des probl\u00e9matiques des \u00e9v\u00e8nements, des affects, des \u00e9motions gr\u00e2ce au processus de projection. Elle permet une <span style=\"color: #d80087;\">distanciation<\/span> et donc la possibilit\u00e9 de se situer dans le temps,\u00a0 induire une meilleure prise de conscience de soi.<\/p><p><img loading=\"lazy\" decoding=\"async\" class=\" wp-image-313 alignleft\" src=\"https:\/\/monterraindeje.fr\/wp-content\/uploads\/2024\/02\/logo-JE-bleu-300x280.png\" alt=\"\" width=\"20\" height=\"19\" srcset=\"https:\/\/monterraindeje.fr\/wp-content\/uploads\/2024\/02\/logo-JE-bleu-300x280.png 300w, https:\/\/monterraindeje.fr\/wp-content\/uploads\/2024\/02\/logo-JE-bleu-150x150.png 150w, https:\/\/monterraindeje.fr\/wp-content\/uploads\/2024\/02\/logo-JE-bleu.png 442w\" sizes=\"(max-width: 20px) 100vw, 20px\" \/>Mais c\u2019est avant tout une trace. Elle permet d\u2019exprimer quelque chose de soi. Pour soi, ou pour l\u2019autre. Ainsi en mettant un acte \u00e0 travers la main, le corps, l\u2019\u00e9motion va \u00eatre modifi\u00e9e.<br \/>La pens\u00e9e prenant en forme sous forme de traces va \u00eatre mise \u00e0 distance. Elle va permettre de l\u00e2cher prise en m\u00eame temps d\u2019un nouveau tissage int\u00e9rieur pour le sujet.<\/p><p><img loading=\"lazy\" decoding=\"async\" class=\" wp-image-313 alignleft\" src=\"https:\/\/monterraindeje.fr\/wp-content\/uploads\/2024\/02\/logo-JE-bleu-300x280.png\" alt=\"\" width=\"20\" height=\"19\" srcset=\"https:\/\/monterraindeje.fr\/wp-content\/uploads\/2024\/02\/logo-JE-bleu-300x280.png 300w, https:\/\/monterraindeje.fr\/wp-content\/uploads\/2024\/02\/logo-JE-bleu-150x150.png 150w, https:\/\/monterraindeje.fr\/wp-content\/uploads\/2024\/02\/logo-JE-bleu.png 442w\" sizes=\"(max-width: 20px) 100vw, 20px\" \/>L\u2019\u00e9criture est un moyen de transformation : un langage sonore est transform\u00e9 en trace visuelle. Elle permet un mouvement <span style=\"color: #d80087;\">de l\u2019int\u00e9rieur vers l\u2019ext\u00e9rieur.<\/span><\/p><p><img loading=\"lazy\" decoding=\"async\" class=\" wp-image-313 alignleft\" src=\"https:\/\/monterraindeje.fr\/wp-content\/uploads\/2024\/02\/logo-JE-bleu-300x280.png\" alt=\"\" width=\"20\" height=\"19\" srcset=\"https:\/\/monterraindeje.fr\/wp-content\/uploads\/2024\/02\/logo-JE-bleu-300x280.png 300w, https:\/\/monterraindeje.fr\/wp-content\/uploads\/2024\/02\/logo-JE-bleu-150x150.png 150w, https:\/\/monterraindeje.fr\/wp-content\/uploads\/2024\/02\/logo-JE-bleu.png 442w\" sizes=\"(max-width: 20px) 100vw, 20px\" \/>Associ\u00e9e \u00e0 une m\u00e9diation dessin ou peinture elle permet de s\u2019adoucir de fluidifier et de moduler les effets trop cathartique de l\u2019\u00e9crit.<\/p><p><img loading=\"lazy\" decoding=\"async\" class=\" wp-image-313 alignleft\" src=\"https:\/\/monterraindeje.fr\/wp-content\/uploads\/2024\/02\/logo-JE-bleu-300x280.png\" alt=\"\" width=\"20\" height=\"19\" srcset=\"https:\/\/monterraindeje.fr\/wp-content\/uploads\/2024\/02\/logo-JE-bleu-300x280.png 300w, https:\/\/monterraindeje.fr\/wp-content\/uploads\/2024\/02\/logo-JE-bleu-150x150.png 150w, https:\/\/monterraindeje.fr\/wp-content\/uploads\/2024\/02\/logo-JE-bleu.png 442w\" sizes=\"(max-width: 20px) 100vw, 20px\" \/>Il ne s\u2019agit pas de bien \u00e9crire, de fournir un travail d\u2019auteur mais d\u2019\u00eatre un moyen d\u2019expression. Les r\u00e8gles syntaxiques orthographique, grammaticales ainsi que stylistiques n\u2019ont pas d\u2019importance.<\/p><p><img loading=\"lazy\" decoding=\"async\" class=\" wp-image-313 alignleft\" src=\"https:\/\/monterraindeje.fr\/wp-content\/uploads\/2024\/02\/logo-JE-bleu-300x280.png\" alt=\"\" width=\"20\" height=\"19\" srcset=\"https:\/\/monterraindeje.fr\/wp-content\/uploads\/2024\/02\/logo-JE-bleu-300x280.png 300w, https:\/\/monterraindeje.fr\/wp-content\/uploads\/2024\/02\/logo-JE-bleu-150x150.png 150w, https:\/\/monterraindeje.fr\/wp-content\/uploads\/2024\/02\/logo-JE-bleu.png 442w\" sizes=\"(max-width: 20px) 100vw, 20px\" \/>Elle offre aussi la possibilit\u00e9 de lire et de s\u2019\u00e9couter ce qui permet d\u2019entrer dans un processus de subjectivation.<\/p>\t\t\t\t\t\t<\/div>\n\t\t\t\t<\/div>\n\t\t\t\t\t<\/div>\n\t\t\t\t<\/div>\n\t\t\t\t<\/div>\n\t\t\t\t\t<\/div>\n\t\t\t\t<\/div>\n\t\t\t\t<\/div>\n\t\t","protected":false},"excerpt":{"rendered":"<p>Par sa fonction de r\u00e9organisation, l\u2019\u00e9criture facilite une mise \u00e0 distance des probl\u00e9matiques des \u00e9v\u00e8nements, des affects, des \u00e9motions gr\u00e2ce au processus de projection. Elle permet une distanciation et donc la possibilit\u00e9 de se situer dans le temps,\u00a0 induire une meilleure prise de conscience de soi. Mais c\u2019est avant tout une trace. Elle permet d\u2019exprimer [&hellip;]<\/p>\n","protected":false},"author":2,"featured_media":0,"parent":0,"menu_order":0,"comment_status":"closed","ping_status":"closed","template":"elementor_header_footer","meta":{"ocean_post_layout":"","ocean_both_sidebars_style":"","ocean_both_sidebars_content_width":0,"ocean_both_sidebars_sidebars_width":0,"ocean_sidebar":"","ocean_second_sidebar":"","ocean_disable_margins":"enable","ocean_add_body_class":"","ocean_shortcode_before_top_bar":"","ocean_shortcode_after_top_bar":"","ocean_shortcode_before_header":"","ocean_shortcode_after_header":"","ocean_has_shortcode":"","ocean_shortcode_after_title":"","ocean_shortcode_before_footer_widgets":"","ocean_shortcode_after_footer_widgets":"","ocean_shortcode_before_footer_bottom":"","ocean_shortcode_after_footer_bottom":"","ocean_display_top_bar":"default","ocean_display_header":"default","ocean_header_style":"","ocean_center_header_left_menu":"","ocean_custom_header_template":"","ocean_custom_logo":0,"ocean_custom_retina_logo":0,"ocean_custom_logo_max_width":0,"ocean_custom_logo_tablet_max_width":0,"ocean_custom_logo_mobile_max_width":0,"ocean_custom_logo_max_height":0,"ocean_custom_logo_tablet_max_height":0,"ocean_custom_logo_mobile_max_height":0,"ocean_header_custom_menu":"","ocean_menu_typo_font_family":"","ocean_menu_typo_font_subset":"","ocean_menu_typo_font_size":0,"ocean_menu_typo_font_size_tablet":0,"ocean_menu_typo_font_size_mobile":0,"ocean_menu_typo_font_size_unit":"px","ocean_menu_typo_font_weight":"","ocean_menu_typo_font_weight_tablet":"","ocean_menu_typo_font_weight_mobile":"","ocean_menu_typo_transform":"","ocean_menu_typo_transform_tablet":"","ocean_menu_typo_transform_mobile":"","ocean_menu_typo_line_height":0,"ocean_menu_typo_line_height_tablet":0,"ocean_menu_typo_line_height_mobile":0,"ocean_menu_typo_line_height_unit":"","ocean_menu_typo_spacing":0,"ocean_menu_typo_spacing_tablet":0,"ocean_menu_typo_spacing_mobile":0,"ocean_menu_typo_spacing_unit":"","ocean_menu_link_color":"","ocean_menu_link_color_hover":"","ocean_menu_link_color_active":"","ocean_menu_link_background":"","ocean_menu_link_hover_background":"","ocean_menu_link_active_background":"","ocean_menu_social_links_bg":"","ocean_menu_social_hover_links_bg":"","ocean_menu_social_links_color":"","ocean_menu_social_hover_links_color":"","ocean_disable_title":"default","ocean_disable_heading":"default","ocean_post_title":"","ocean_post_subheading":"","ocean_post_title_style":"","ocean_post_title_background_color":"","ocean_post_title_background":0,"ocean_post_title_bg_image_position":"","ocean_post_title_bg_image_attachment":"","ocean_post_title_bg_image_repeat":"","ocean_post_title_bg_image_size":"","ocean_post_title_height":0,"ocean_post_title_bg_overlay":0.5,"ocean_post_title_bg_overlay_color":"","ocean_disable_breadcrumbs":"default","ocean_breadcrumbs_color":"","ocean_breadcrumbs_separator_color":"","ocean_breadcrumbs_links_color":"","ocean_breadcrumbs_links_hover_color":"","ocean_display_footer_widgets":"default","ocean_display_footer_bottom":"default","ocean_custom_footer_template":"","footnotes":""},"class_list":["post-356","page","type-page","status-publish","hentry","entry"],"_links":{"self":[{"href":"https:\/\/monterraindeje.fr\/index.php\/wp-json\/wp\/v2\/pages\/356","targetHints":{"allow":["GET"]}}],"collection":[{"href":"https:\/\/monterraindeje.fr\/index.php\/wp-json\/wp\/v2\/pages"}],"about":[{"href":"https:\/\/monterraindeje.fr\/index.php\/wp-json\/wp\/v2\/types\/page"}],"author":[{"embeddable":true,"href":"https:\/\/monterraindeje.fr\/index.php\/wp-json\/wp\/v2\/users\/2"}],"replies":[{"embeddable":true,"href":"https:\/\/monterraindeje.fr\/index.php\/wp-json\/wp\/v2\/comments?post=356"}],"version-history":[{"count":25,"href":"https:\/\/monterraindeje.fr\/index.php\/wp-json\/wp\/v2\/pages\/356\/revisions"}],"predecessor-version":[{"id":705,"href":"https:\/\/monterraindeje.fr\/index.php\/wp-json\/wp\/v2\/pages\/356\/revisions\/705"}],"wp:attachment":[{"href":"https:\/\/monterraindeje.fr\/index.php\/wp-json\/wp\/v2\/media?parent=356"}],"curies":[{"name":"wp","href":"https:\/\/api.w.org\/{rel}","templated":true}]}}