{"id":360,"date":"2024-02-29T17:27:48","date_gmt":"2024-02-29T16:27:48","guid":{"rendered":"https:\/\/monterraindeje.fr\/?page_id=360"},"modified":"2024-04-06T11:25:14","modified_gmt":"2024-04-06T09:25:14","slug":"cuisine","status":"publish","type":"page","link":"https:\/\/monterraindeje.fr\/index.php\/cuisine\/","title":{"rendered":"Cuisine"},"content":{"rendered":"\t\t<div data-elementor-type=\"wp-page\" data-elementor-id=\"360\" class=\"elementor elementor-360\" data-elementor-post-type=\"page\">\n\t\t\t\t<div class=\"elementor-element elementor-element-b375171 e-flex e-con-boxed e-con e-parent\" data-id=\"b375171\" data-element_type=\"container\" data-settings=\"{&quot;background_background&quot;:&quot;classic&quot;,&quot;content_width&quot;:&quot;boxed&quot;}\" data-core-v316-plus=\"true\">\n\t\t\t\t\t<div class=\"e-con-inner\">\n\t\t\t\t<div class=\"elementor-element elementor-element-e402401 elementor-widget__width-initial elementor-widget elementor-widget-image\" data-id=\"e402401\" data-element_type=\"widget\" data-widget_type=\"image.default\">\n\t\t\t\t<div class=\"elementor-widget-container\">\n\t\t\t<style>\/*! elementor - v3.19.0 - 28-02-2024 *\/\n.elementor-widget-image{text-align:center}.elementor-widget-image a{display:inline-block}.elementor-widget-image a img[src$=\".svg\"]{width:48px}.elementor-widget-image img{vertical-align:middle;display:inline-block}<\/style>\t\t\t\t\t\t\t\t\t\t<img fetchpriority=\"high\" decoding=\"async\" width=\"819\" height=\"371\" src=\"https:\/\/monterraindeje.fr\/wp-content\/uploads\/2024\/03\/cuisine-picto.png\" class=\"attachment-large size-large wp-image-470\" alt=\"\" srcset=\"https:\/\/monterraindeje.fr\/wp-content\/uploads\/2024\/03\/cuisine-picto.png 819w, https:\/\/monterraindeje.fr\/wp-content\/uploads\/2024\/03\/cuisine-picto-300x136.png 300w, https:\/\/monterraindeje.fr\/wp-content\/uploads\/2024\/03\/cuisine-picto-768x348.png 768w\" sizes=\"(max-width: 819px) 100vw, 819px\" \/>\t\t\t\t\t\t\t\t\t\t\t\t\t<\/div>\n\t\t\t\t<\/div>\n\t\t\t\t<div class=\"elementor-element elementor-element-25e250b elementor-widget__width-initial elementor-widget elementor-widget-image\" data-id=\"25e250b\" data-element_type=\"widget\" data-widget_type=\"image.default\">\n\t\t\t\t<div class=\"elementor-widget-container\">\n\t\t\t\t\t\t\t\t\t\t\t\t\t<img decoding=\"async\" width=\"550\" height=\"103\" src=\"https:\/\/monterraindeje.fr\/wp-content\/uploads\/2024\/03\/cuisine-titre-bandeau.png\" class=\"attachment-large size-large wp-image-466\" alt=\"\" srcset=\"https:\/\/monterraindeje.fr\/wp-content\/uploads\/2024\/03\/cuisine-titre-bandeau.png 550w, https:\/\/monterraindeje.fr\/wp-content\/uploads\/2024\/03\/cuisine-titre-bandeau-300x56.png 300w\" sizes=\"(max-width: 550px) 100vw, 550px\" \/>\t\t\t\t\t\t\t\t\t\t\t\t\t<\/div>\n\t\t\t\t<\/div>\n\t\t\t\t\t<\/div>\n\t\t\t\t<\/div>\n\t\t<div class=\"elementor-element elementor-element-c16f689 e-flex e-con-boxed e-con e-parent\" data-id=\"c16f689\" data-element_type=\"container\" data-settings=\"{&quot;content_width&quot;:&quot;boxed&quot;}\" data-core-v316-plus=\"true\">\n\t\t\t\t\t<div class=\"e-con-inner\">\n\t\t\t\t<div class=\"elementor-element elementor-element-97bf63a elementor-widget__width-initial elementor-widget elementor-widget-image\" data-id=\"97bf63a\" data-element_type=\"widget\" data-widget_type=\"image.default\">\n\t\t\t\t<div class=\"elementor-widget-container\">\n\t\t\t\t\t\t\t\t\t\t\t\t\t<img decoding=\"async\" width=\"1024\" height=\"791\" src=\"https:\/\/monterraindeje.fr\/wp-content\/uploads\/2024\/04\/cuisine-1-1-1024x791.jpg\" class=\"attachment-large size-large wp-image-660\" alt=\"\" srcset=\"https:\/\/monterraindeje.fr\/wp-content\/uploads\/2024\/04\/cuisine-1-1-1024x791.jpg 1024w, https:\/\/monterraindeje.fr\/wp-content\/uploads\/2024\/04\/cuisine-1-1-300x232.jpg 300w, https:\/\/monterraindeje.fr\/wp-content\/uploads\/2024\/04\/cuisine-1-1-768x593.jpg 768w, https:\/\/monterraindeje.fr\/wp-content\/uploads\/2024\/04\/cuisine-1-1.jpg 1063w\" sizes=\"(max-width: 1024px) 100vw, 1024px\" \/>\t\t\t\t\t\t\t\t\t\t\t\t\t<\/div>\n\t\t\t\t<\/div>\n\t\t\t\t<div class=\"elementor-element elementor-element-7ed9b30 elementor-widget elementor-widget-text-editor\" data-id=\"7ed9b30\" data-element_type=\"widget\" data-widget_type=\"text-editor.default\">\n\t\t\t\t<div class=\"elementor-widget-container\">\n\t\t\t<style>\/*! elementor - v3.19.0 - 28-02-2024 *\/\n.elementor-widget-text-editor.elementor-drop-cap-view-stacked .elementor-drop-cap{background-color:#69727d;color:#fff}.elementor-widget-text-editor.elementor-drop-cap-view-framed .elementor-drop-cap{color:#69727d;border:3px solid;background-color:transparent}.elementor-widget-text-editor:not(.elementor-drop-cap-view-default) .elementor-drop-cap{margin-top:8px}.elementor-widget-text-editor:not(.elementor-drop-cap-view-default) .elementor-drop-cap-letter{width:1em;height:1em}.elementor-widget-text-editor .elementor-drop-cap{float:left;text-align:center;line-height:1;font-size:50px}.elementor-widget-text-editor .elementor-drop-cap-letter{display:inline-block}<\/style>\t\t\t\t<p><img loading=\"lazy\" decoding=\"async\" class=\"wp-image-584 alignleft\" src=\"https:\/\/monterraindeje.fr\/wp-content\/uploads\/2024\/02\/cropped-logo-JE-bleu-300x300.png\" alt=\"\" width=\"20\" height=\"20\" srcset=\"https:\/\/monterraindeje.fr\/wp-content\/uploads\/2024\/02\/cropped-logo-JE-bleu-300x300.png 300w, https:\/\/monterraindeje.fr\/wp-content\/uploads\/2024\/02\/cropped-logo-JE-bleu-150x150.png 150w, https:\/\/monterraindeje.fr\/wp-content\/uploads\/2024\/02\/cropped-logo-JE-bleu-270x270.png 270w, https:\/\/monterraindeje.fr\/wp-content\/uploads\/2024\/02\/cropped-logo-JE-bleu-192x192.png 192w, https:\/\/monterraindeje.fr\/wp-content\/uploads\/2024\/02\/cropped-logo-JE-bleu-180x180.png 180w, https:\/\/monterraindeje.fr\/wp-content\/uploads\/2024\/02\/cropped-logo-JE-bleu-32x32.png 32w, https:\/\/monterraindeje.fr\/wp-content\/uploads\/2024\/02\/cropped-logo-JE-bleu.png 512w\" sizes=\"(max-width: 20px) 100vw, 20px\" \/>La m\u00e9diation culinaire a pour vocation de se d\u00e9tacher de sa fonction nourrici\u00e8re. Elle s\u2019inscrit dans une d\u00e9marche de sensorialit\u00e9.<br \/>Face \u00e0 un <em>cogito<\/em> envahissant ou d\u00e9faillant, quand la parole a d\u00e9sert\u00e9, nos cinq sens nous permettent de ne pas perdre pied, de nous relier au monde en l\u2019appr\u00e9hendant de mani\u00e8re subjective, de nous sentir vivant. Nos sens nous informent et nous forment.<br \/>M\u00eame si l\u2019\u00c9volution et notre soci\u00e9t\u00e9 occidentale les a hi\u00e9rarchis\u00e9, vue, odorat, toucher, ou\u00efe et go\u00fbt sont tous accessibles via le m\u00e9dium culinaire.<\/p><p><img loading=\"lazy\" decoding=\"async\" class=\"wp-image-584 alignleft\" src=\"https:\/\/monterraindeje.fr\/wp-content\/uploads\/2024\/02\/cropped-logo-JE-bleu-300x300.png\" alt=\"\" width=\"20\" height=\"20\" srcset=\"https:\/\/monterraindeje.fr\/wp-content\/uploads\/2024\/02\/cropped-logo-JE-bleu-300x300.png 300w, https:\/\/monterraindeje.fr\/wp-content\/uploads\/2024\/02\/cropped-logo-JE-bleu-150x150.png 150w, https:\/\/monterraindeje.fr\/wp-content\/uploads\/2024\/02\/cropped-logo-JE-bleu-270x270.png 270w, https:\/\/monterraindeje.fr\/wp-content\/uploads\/2024\/02\/cropped-logo-JE-bleu-192x192.png 192w, https:\/\/monterraindeje.fr\/wp-content\/uploads\/2024\/02\/cropped-logo-JE-bleu-180x180.png 180w, https:\/\/monterraindeje.fr\/wp-content\/uploads\/2024\/02\/cropped-logo-JE-bleu-32x32.png 32w, https:\/\/monterraindeje.fr\/wp-content\/uploads\/2024\/02\/cropped-logo-JE-bleu.png 512w\" sizes=\"(max-width: 20px) 100vw, 20px\" \/>R\u00e9alisant la satisfaction d\u2019un besoin primaire, reli\u00e9 \u00e0 l\u2019acte maternel originaire, telles des vigies assurant notre survie, les \u00e9l\u00e9ments nourriciers sont source de plaisir. Ils nous relient \u00e0 notre SOI et aux autres.<\/p><p><img loading=\"lazy\" decoding=\"async\" class=\"wp-image-584 alignleft\" src=\"https:\/\/monterraindeje.fr\/wp-content\/uploads\/2024\/02\/cropped-logo-JE-bleu-300x300.png\" alt=\"\" width=\"20\" height=\"20\" srcset=\"https:\/\/monterraindeje.fr\/wp-content\/uploads\/2024\/02\/cropped-logo-JE-bleu-300x300.png 300w, https:\/\/monterraindeje.fr\/wp-content\/uploads\/2024\/02\/cropped-logo-JE-bleu-150x150.png 150w, https:\/\/monterraindeje.fr\/wp-content\/uploads\/2024\/02\/cropped-logo-JE-bleu-270x270.png 270w, https:\/\/monterraindeje.fr\/wp-content\/uploads\/2024\/02\/cropped-logo-JE-bleu-192x192.png 192w, https:\/\/monterraindeje.fr\/wp-content\/uploads\/2024\/02\/cropped-logo-JE-bleu-180x180.png 180w, https:\/\/monterraindeje.fr\/wp-content\/uploads\/2024\/02\/cropped-logo-JE-bleu-32x32.png 32w, https:\/\/monterraindeje.fr\/wp-content\/uploads\/2024\/02\/cropped-logo-JE-bleu.png 512w\" sizes=\"(max-width: 20px) 100vw, 20px\" \/>La cuisine balaie les champs de la sant\u00e9, de la psychologie, de la philosophie, de la sociologie, de l\u2019art, de l\u2019\u00e9conomie, de l\u2019environnement et de la politique. Chaque individu a son propre rapport \u00e0 la nourriture. Elle constitue son identit\u00e9 au m\u00eame titre que la couleur de ses yeux.<br \/>Elle vit en chacun de nous dans le r\u00e9el, dans l\u2019imaginaire et dans le symbolique. Elle nous fait ressentir notre corps, elle nous permet de nous projeter, elle nous structure.<\/p><p><img loading=\"lazy\" decoding=\"async\" class=\"wp-image-584 alignleft\" src=\"https:\/\/monterraindeje.fr\/wp-content\/uploads\/2024\/02\/cropped-logo-JE-bleu-300x300.png\" alt=\"\" width=\"20\" height=\"20\" srcset=\"https:\/\/monterraindeje.fr\/wp-content\/uploads\/2024\/02\/cropped-logo-JE-bleu-300x300.png 300w, https:\/\/monterraindeje.fr\/wp-content\/uploads\/2024\/02\/cropped-logo-JE-bleu-150x150.png 150w, https:\/\/monterraindeje.fr\/wp-content\/uploads\/2024\/02\/cropped-logo-JE-bleu-270x270.png 270w, https:\/\/monterraindeje.fr\/wp-content\/uploads\/2024\/02\/cropped-logo-JE-bleu-192x192.png 192w, https:\/\/monterraindeje.fr\/wp-content\/uploads\/2024\/02\/cropped-logo-JE-bleu-180x180.png 180w, https:\/\/monterraindeje.fr\/wp-content\/uploads\/2024\/02\/cropped-logo-JE-bleu-32x32.png 32w, https:\/\/monterraindeje.fr\/wp-content\/uploads\/2024\/02\/cropped-logo-JE-bleu.png 512w\" sizes=\"(max-width: 20px) 100vw, 20px\" \/>M\u00e9lange de nature et de culture, elle suit l\u2019\u00e9volution de l\u2019individu au cours de sa vie, allant du pr\u00e9sent au pass\u00e9 lorsqu\u2019il s\u2019agit de retrouver sa madeleine de Proust ou au futur quand la perspective<br \/>du prochain repas nous fait saliver. Des va-et-vient qui ouvrent au mouvement, \u00e0 l\u2019\u00e9lan vital.<\/p><p><img loading=\"lazy\" decoding=\"async\" class=\"wp-image-584 alignleft\" src=\"https:\/\/monterraindeje.fr\/wp-content\/uploads\/2024\/02\/cropped-logo-JE-bleu-300x300.png\" alt=\"\" width=\"20\" height=\"20\" srcset=\"https:\/\/monterraindeje.fr\/wp-content\/uploads\/2024\/02\/cropped-logo-JE-bleu-300x300.png 300w, https:\/\/monterraindeje.fr\/wp-content\/uploads\/2024\/02\/cropped-logo-JE-bleu-150x150.png 150w, https:\/\/monterraindeje.fr\/wp-content\/uploads\/2024\/02\/cropped-logo-JE-bleu-270x270.png 270w, https:\/\/monterraindeje.fr\/wp-content\/uploads\/2024\/02\/cropped-logo-JE-bleu-192x192.png 192w, https:\/\/monterraindeje.fr\/wp-content\/uploads\/2024\/02\/cropped-logo-JE-bleu-180x180.png 180w, https:\/\/monterraindeje.fr\/wp-content\/uploads\/2024\/02\/cropped-logo-JE-bleu-32x32.png 32w, https:\/\/monterraindeje.fr\/wp-content\/uploads\/2024\/02\/cropped-logo-JE-bleu.png 512w\" sizes=\"(max-width: 20px) 100vw, 20px\" \/>Une perte des sens entra\u00eene une perte de sens. Ne dit-on pas \u201cne plus avoir go\u00fbt \u00e0 la vie ?\u201d<\/p>\t\t\t\t\t\t<\/div>\n\t\t\t\t<\/div>\n\t\t\t\t\t<\/div>\n\t\t\t\t<\/div>\n\t\t\t\t<\/div>\n\t\t","protected":false},"excerpt":{"rendered":"<p>La m\u00e9diation culinaire a pour vocation de se d\u00e9tacher de sa fonction nourrici\u00e8re. Elle s\u2019inscrit dans une d\u00e9marche de sensorialit\u00e9.Face \u00e0 un cogito envahissant ou d\u00e9faillant, quand la parole a d\u00e9sert\u00e9, nos cinq sens nous permettent de ne pas perdre pied, de nous relier au monde en l\u2019appr\u00e9hendant de mani\u00e8re subjective, de nous sentir vivant. [&hellip;]<\/p>\n","protected":false},"author":2,"featured_media":0,"parent":0,"menu_order":0,"comment_status":"closed","ping_status":"closed","template":"elementor_header_footer","meta":{"ocean_post_layout":"","ocean_both_sidebars_style":"","ocean_both_sidebars_content_width":0,"ocean_both_sidebars_sidebars_width":0,"ocean_sidebar":"","ocean_second_sidebar":"","ocean_disable_margins":"enable","ocean_add_body_class":"","ocean_shortcode_before_top_bar":"","ocean_shortcode_after_top_bar":"","ocean_shortcode_before_header":"","ocean_shortcode_after_header":"","ocean_has_shortcode":"","ocean_shortcode_after_title":"","ocean_shortcode_before_footer_widgets":"","ocean_shortcode_after_footer_widgets":"","ocean_shortcode_before_footer_bottom":"","ocean_shortcode_after_footer_bottom":"","ocean_display_top_bar":"default","ocean_display_header":"default","ocean_header_style":"","ocean_center_header_left_menu":"","ocean_custom_header_template":"","ocean_custom_logo":0,"ocean_custom_retina_logo":0,"ocean_custom_logo_max_width":0,"ocean_custom_logo_tablet_max_width":0,"ocean_custom_logo_mobile_max_width":0,"ocean_custom_logo_max_height":0,"ocean_custom_logo_tablet_max_height":0,"ocean_custom_logo_mobile_max_height":0,"ocean_header_custom_menu":"","ocean_menu_typo_font_family":"","ocean_menu_typo_font_subset":"","ocean_menu_typo_font_size":0,"ocean_menu_typo_font_size_tablet":0,"ocean_menu_typo_font_size_mobile":0,"ocean_menu_typo_font_size_unit":"px","ocean_menu_typo_font_weight":"","ocean_menu_typo_font_weight_tablet":"","ocean_menu_typo_font_weight_mobile":"","ocean_menu_typo_transform":"","ocean_menu_typo_transform_tablet":"","ocean_menu_typo_transform_mobile":"","ocean_menu_typo_line_height":0,"ocean_menu_typo_line_height_tablet":0,"ocean_menu_typo_line_height_mobile":0,"ocean_menu_typo_line_height_unit":"","ocean_menu_typo_spacing":0,"ocean_menu_typo_spacing_tablet":0,"ocean_menu_typo_spacing_mobile":0,"ocean_menu_typo_spacing_unit":"","ocean_menu_link_color":"","ocean_menu_link_color_hover":"","ocean_menu_link_color_active":"","ocean_menu_link_background":"","ocean_menu_link_hover_background":"","ocean_menu_link_active_background":"","ocean_menu_social_links_bg":"","ocean_menu_social_hover_links_bg":"","ocean_menu_social_links_color":"","ocean_menu_social_hover_links_color":"","ocean_disable_title":"default","ocean_disable_heading":"default","ocean_post_title":"","ocean_post_subheading":"","ocean_post_title_style":"","ocean_post_title_background_color":"","ocean_post_title_background":0,"ocean_post_title_bg_image_position":"","ocean_post_title_bg_image_attachment":"","ocean_post_title_bg_image_repeat":"","ocean_post_title_bg_image_size":"","ocean_post_title_height":0,"ocean_post_title_bg_overlay":0.5,"ocean_post_title_bg_overlay_color":"","ocean_disable_breadcrumbs":"default","ocean_breadcrumbs_color":"","ocean_breadcrumbs_separator_color":"","ocean_breadcrumbs_links_color":"","ocean_breadcrumbs_links_hover_color":"","ocean_display_footer_widgets":"default","ocean_display_footer_bottom":"default","ocean_custom_footer_template":"","footnotes":""},"class_list":["post-360","page","type-page","status-publish","hentry","entry"],"_links":{"self":[{"href":"https:\/\/monterraindeje.fr\/index.php\/wp-json\/wp\/v2\/pages\/360","targetHints":{"allow":["GET"]}}],"collection":[{"href":"https:\/\/monterraindeje.fr\/index.php\/wp-json\/wp\/v2\/pages"}],"about":[{"href":"https:\/\/monterraindeje.fr\/index.php\/wp-json\/wp\/v2\/types\/page"}],"author":[{"embeddable":true,"href":"https:\/\/monterraindeje.fr\/index.php\/wp-json\/wp\/v2\/users\/2"}],"replies":[{"embeddable":true,"href":"https:\/\/monterraindeje.fr\/index.php\/wp-json\/wp\/v2\/comments?post=360"}],"version-history":[{"count":19,"href":"https:\/\/monterraindeje.fr\/index.php\/wp-json\/wp\/v2\/pages\/360\/revisions"}],"predecessor-version":[{"id":714,"href":"https:\/\/monterraindeje.fr\/index.php\/wp-json\/wp\/v2\/pages\/360\/revisions\/714"}],"wp:attachment":[{"href":"https:\/\/monterraindeje.fr\/index.php\/wp-json\/wp\/v2\/media?parent=360"}],"curies":[{"name":"wp","href":"https:\/\/api.w.org\/{rel}","templated":true}]}}