{"id":61,"date":"2024-01-28T21:46:31","date_gmt":"2024-01-28T20:46:31","guid":{"rendered":"https:\/\/monterraindeje.fr\/?page_id=61"},"modified":"2024-04-09T16:48:23","modified_gmt":"2024-04-09T14:48:23","slug":"accueil","status":"publish","type":"page","link":"https:\/\/monterraindeje.fr\/","title":{"rendered":"Accueil"},"content":{"rendered":"\t\t<div data-elementor-type=\"wp-page\" data-elementor-id=\"61\" class=\"elementor elementor-61\" data-elementor-post-type=\"page\">\n\t\t\t\t<div class=\"elementor-element elementor-element-1139ce2 e-con-full e-flex e-con e-parent\" data-id=\"1139ce2\" data-element_type=\"container\" data-settings=\"{&quot;content_width&quot;:&quot;full&quot;}\" data-core-v316-plus=\"true\">\n\t\t\t\t<div class=\"elementor-element elementor-element-6948a90 elementor-widget__width-initial elementor-widget elementor-widget-image\" data-id=\"6948a90\" data-element_type=\"widget\" data-widget_type=\"image.default\">\n\t\t\t\t<div class=\"elementor-widget-container\">\n\t\t\t<style>\/*! elementor - v3.19.0 - 28-02-2024 *\/\n.elementor-widget-image{text-align:center}.elementor-widget-image a{display:inline-block}.elementor-widget-image a img[src$=\".svg\"]{width:48px}.elementor-widget-image img{vertical-align:middle;display:inline-block}<\/style>\t\t\t\t\t\t\t\t\t\t<img fetchpriority=\"high\" decoding=\"async\" width=\"1024\" height=\"358\" src=\"https:\/\/monterraindeje.fr\/wp-content\/uploads\/2024\/02\/Quoi-1024x358.png\" class=\"attachment-large size-large wp-image-238\" alt=\"\" srcset=\"https:\/\/monterraindeje.fr\/wp-content\/uploads\/2024\/02\/Quoi-1024x358.png 1024w, https:\/\/monterraindeje.fr\/wp-content\/uploads\/2024\/02\/Quoi-300x105.png 300w, https:\/\/monterraindeje.fr\/wp-content\/uploads\/2024\/02\/Quoi-768x269.png 768w, https:\/\/monterraindeje.fr\/wp-content\/uploads\/2024\/02\/Quoi.png 1181w\" sizes=\"(max-width: 1024px) 100vw, 1024px\" \/>\t\t\t\t\t\t\t\t\t\t\t\t\t<\/div>\n\t\t\t\t<\/div>\n\t\t\t\t<div class=\"elementor-element elementor-element-7c4af95 elementor-widget elementor-widget-text-editor\" data-id=\"7c4af95\" data-element_type=\"widget\" data-widget_type=\"text-editor.default\">\n\t\t\t\t<div class=\"elementor-widget-container\">\n\t\t\t<style>\/*! elementor - v3.19.0 - 28-02-2024 *\/\n.elementor-widget-text-editor.elementor-drop-cap-view-stacked .elementor-drop-cap{background-color:#69727d;color:#fff}.elementor-widget-text-editor.elementor-drop-cap-view-framed .elementor-drop-cap{color:#69727d;border:3px solid;background-color:transparent}.elementor-widget-text-editor:not(.elementor-drop-cap-view-default) .elementor-drop-cap{margin-top:8px}.elementor-widget-text-editor:not(.elementor-drop-cap-view-default) .elementor-drop-cap-letter{width:1em;height:1em}.elementor-widget-text-editor .elementor-drop-cap{float:left;text-align:center;line-height:1;font-size:50px}.elementor-widget-text-editor .elementor-drop-cap-letter{display:inline-block}<\/style>\t\t\t\t<p>Je propose des activit\u00e9s \u00e0 vis\u00e9e th\u00e9rapeutique, \u00e9ducative ou p\u00e9dagogique en direction de personnes en souffrance psychique et\/ou physique \u00e0 travers une approche innovante et humaniste.<\/p><p><img decoding=\"async\" class=\"wp-image-313 alignleft\" src=\"https:\/\/monterraindeje.fr\/wp-content\/uploads\/2024\/02\/logo-JE-bleu-300x280.png\" alt=\"\" width=\"19\" height=\"18\" srcset=\"https:\/\/monterraindeje.fr\/wp-content\/uploads\/2024\/02\/logo-JE-bleu-300x280.png 300w, https:\/\/monterraindeje.fr\/wp-content\/uploads\/2024\/02\/logo-JE-bleu-150x150.png 150w, https:\/\/monterraindeje.fr\/wp-content\/uploads\/2024\/02\/logo-JE-bleu.png 442w\" sizes=\"(max-width: 19px) 100vw, 19px\" \/>L&rsquo;art-th\u00e9rapie n&rsquo;est pas une sp\u00e9cialisation dans un m\u00e9tier du soin.<br \/>C&rsquo;est une <span style=\"color: #e6007e;\">profession \u00e0 part enti\u00e8re<\/span>, reconnue par l\u2019Organisation Mondiale de la Sant\u00e9 et valid\u00e9e par une certification du minist\u00e8re du Travail.<\/p><p><img decoding=\"async\" class=\" wp-image-313 alignleft\" src=\"https:\/\/monterraindeje.fr\/wp-content\/uploads\/2024\/02\/logo-JE-bleu-300x280.png\" alt=\"\" width=\"20\" height=\"19\" srcset=\"https:\/\/monterraindeje.fr\/wp-content\/uploads\/2024\/02\/logo-JE-bleu-300x280.png 300w, https:\/\/monterraindeje.fr\/wp-content\/uploads\/2024\/02\/logo-JE-bleu-150x150.png 150w, https:\/\/monterraindeje.fr\/wp-content\/uploads\/2024\/02\/logo-JE-bleu.png 442w\" sizes=\"(max-width: 20px) 100vw, 20px\" \/>Elle est <span style=\"color: #e6007e;\">compl\u00e9mentaire<\/span> des autres pratiques au sein d&rsquo;un parcours de soin (chimioth\u00e9rapie, psychoth\u00e9rapie, ergoth\u00e9rapie, psychomotricit\u00e9&#8230;).<\/p><p><img loading=\"lazy\" decoding=\"async\" class=\" wp-image-313 alignleft\" src=\"https:\/\/monterraindeje.fr\/wp-content\/uploads\/2024\/02\/logo-JE-bleu-300x280.png\" alt=\"\" width=\"21\" height=\"20\" srcset=\"https:\/\/monterraindeje.fr\/wp-content\/uploads\/2024\/02\/logo-JE-bleu-300x280.png 300w, https:\/\/monterraindeje.fr\/wp-content\/uploads\/2024\/02\/logo-JE-bleu-150x150.png 150w, https:\/\/monterraindeje.fr\/wp-content\/uploads\/2024\/02\/logo-JE-bleu.png 442w\" sizes=\"(max-width: 21px) 100vw, 21px\" \/>Elle est encadr\u00e9e par un code de d\u00e9ontologie qui garantit sa pratique.<\/p>\t\t\t\t\t\t<\/div>\n\t\t\t\t<\/div>\n\t\t\t\t<\/div>\n\t\t<div class=\"elementor-element elementor-element-3613682 e-con-full e-flex e-con e-parent\" data-id=\"3613682\" data-element_type=\"container\" data-settings=\"{&quot;background_background&quot;:&quot;classic&quot;,&quot;content_width&quot;:&quot;full&quot;}\" data-core-v316-plus=\"true\">\n\t\t<div class=\"elementor-element elementor-element-3af2b4f e-con-full e-flex e-con e-child\" data-id=\"3af2b4f\" data-element_type=\"container\" data-settings=\"{&quot;content_width&quot;:&quot;full&quot;}\">\n\t\t\t\t<div class=\"elementor-element elementor-element-13992bf elementor-widget elementor-widget-image\" data-id=\"13992bf\" data-element_type=\"widget\" data-widget_type=\"image.default\">\n\t\t\t\t<div class=\"elementor-widget-container\">\n\t\t\t\t\t\t\t\t\t\t\t\t\t\t<a href=\"https:\/\/monterraindeje.fr\/index.php\/lart-therapie-contemporaine\/\">\n\t\t\t\t\t\t\t<img loading=\"lazy\" decoding=\"async\" width=\"768\" height=\"520\" src=\"https:\/\/monterraindeje.fr\/wp-content\/uploads\/2024\/02\/Rubriques-1.jpg\" class=\"attachment-full size-full wp-image-93\" alt=\"\" srcset=\"https:\/\/monterraindeje.fr\/wp-content\/uploads\/2024\/02\/Rubriques-1.jpg 768w, https:\/\/monterraindeje.fr\/wp-content\/uploads\/2024\/02\/Rubriques-1-300x203.jpg 300w\" sizes=\"(max-width: 768px) 100vw, 768px\" \/>\t\t\t\t\t\t\t\t<\/a>\n\t\t\t\t\t\t\t\t\t\t\t\t\t<\/div>\n\t\t\t\t<\/div>\n\t\t\t\t<\/div>\n\t\t<div class=\"elementor-element elementor-element-3dd3926 e-con-full e-flex e-con e-child\" data-id=\"3dd3926\" data-element_type=\"container\" data-settings=\"{&quot;content_width&quot;:&quot;full&quot;}\">\n\t\t\t\t<div class=\"elementor-element elementor-element-b920841 elementor-widget elementor-widget-image\" data-id=\"b920841\" data-element_type=\"widget\" data-widget_type=\"image.default\">\n\t\t\t\t<div class=\"elementor-widget-container\">\n\t\t\t\t\t\t\t\t\t\t\t\t\t\t<a href=\"https:\/\/monterraindeje.fr\/index.php\/elementor-112\/\">\n\t\t\t\t\t\t\t<img loading=\"lazy\" decoding=\"async\" width=\"768\" height=\"520\" src=\"https:\/\/monterraindeje.fr\/wp-content\/uploads\/2024\/02\/Rubriques-2.jpg\" class=\"attachment-full size-full wp-image-94\" alt=\"\" srcset=\"https:\/\/monterraindeje.fr\/wp-content\/uploads\/2024\/02\/Rubriques-2.jpg 768w, https:\/\/monterraindeje.fr\/wp-content\/uploads\/2024\/02\/Rubriques-2-300x203.jpg 300w\" sizes=\"(max-width: 768px) 100vw, 768px\" \/>\t\t\t\t\t\t\t\t<\/a>\n\t\t\t\t\t\t\t\t\t\t\t\t\t<\/div>\n\t\t\t\t<\/div>\n\t\t\t\t<\/div>\n\t\t\t\t<\/div>\n\t\t<div class=\"elementor-element elementor-element-bc6df1c e-flex e-con-boxed e-con e-parent\" data-id=\"bc6df1c\" data-element_type=\"container\" data-settings=\"{&quot;content_width&quot;:&quot;boxed&quot;}\" data-core-v316-plus=\"true\">\n\t\t\t\t\t<div class=\"e-con-inner\">\n\t\t\t\t\t<\/div>\n\t\t\t\t<\/div>\n\t\t\t\t<\/div>\n\t\t","protected":false},"excerpt":{"rendered":"<p>Je propose des activit\u00e9s \u00e0 vis\u00e9e th\u00e9rapeutique, \u00e9ducative ou p\u00e9dagogique en direction de personnes en souffrance psychique et\/ou physique \u00e0 travers une approche innovante et humaniste. L&rsquo;art-th\u00e9rapie n&rsquo;est pas une sp\u00e9cialisation dans un m\u00e9tier du soin.C&rsquo;est une profession \u00e0 part enti\u00e8re, reconnue par l\u2019Organisation Mondiale de la Sant\u00e9 et valid\u00e9e par une certification du minist\u00e8re [&hellip;]<\/p>\n","protected":false},"author":1,"featured_media":0,"parent":0,"menu_order":0,"comment_status":"closed","ping_status":"closed","template":"","meta":{"ocean_post_layout":"","ocean_both_sidebars_style":"","ocean_both_sidebars_content_width":0,"ocean_both_sidebars_sidebars_width":0,"ocean_sidebar":"","ocean_second_sidebar":"","ocean_disable_margins":"enable","ocean_add_body_class":"","ocean_shortcode_before_top_bar":"","ocean_shortcode_after_top_bar":"","ocean_shortcode_before_header":"","ocean_shortcode_after_header":"","ocean_has_shortcode":"","ocean_shortcode_after_title":"","ocean_shortcode_before_footer_widgets":"","ocean_shortcode_after_footer_widgets":"","ocean_shortcode_before_footer_bottom":"","ocean_shortcode_after_footer_bottom":"","ocean_display_top_bar":"default","ocean_display_header":"default","ocean_header_style":"","ocean_center_header_left_menu":"","ocean_custom_header_template":"","ocean_custom_logo":0,"ocean_custom_retina_logo":0,"ocean_custom_logo_max_width":0,"ocean_custom_logo_tablet_max_width":0,"ocean_custom_logo_mobile_max_width":0,"ocean_custom_logo_max_height":0,"ocean_custom_logo_tablet_max_height":0,"ocean_custom_logo_mobile_max_height":0,"ocean_header_custom_menu":"","ocean_menu_typo_font_family":"","ocean_menu_typo_font_subset":"","ocean_menu_typo_font_size":0,"ocean_menu_typo_font_size_tablet":0,"ocean_menu_typo_font_size_mobile":0,"ocean_menu_typo_font_size_unit":"px","ocean_menu_typo_font_weight":"","ocean_menu_typo_font_weight_tablet":"","ocean_menu_typo_font_weight_mobile":"","ocean_menu_typo_transform":"","ocean_menu_typo_transform_tablet":"","ocean_menu_typo_transform_mobile":"","ocean_menu_typo_line_height":0,"ocean_menu_typo_line_height_tablet":0,"ocean_menu_typo_line_height_mobile":0,"ocean_menu_typo_line_height_unit":"","ocean_menu_typo_spacing":0,"ocean_menu_typo_spacing_tablet":0,"ocean_menu_typo_spacing_mobile":0,"ocean_menu_typo_spacing_unit":"","ocean_menu_link_color":"","ocean_menu_link_color_hover":"","ocean_menu_link_color_active":"","ocean_menu_link_background":"","ocean_menu_link_hover_background":"","ocean_menu_link_active_background":"","ocean_menu_social_links_bg":"","ocean_menu_social_hover_links_bg":"","ocean_menu_social_links_color":"","ocean_menu_social_hover_links_color":"","ocean_disable_title":"on","ocean_disable_heading":"default","ocean_post_title":"","ocean_post_subheading":"","ocean_post_title_style":"","ocean_post_title_background_color":"","ocean_post_title_background":0,"ocean_post_title_bg_image_position":"","ocean_post_title_bg_image_attachment":"","ocean_post_title_bg_image_repeat":"","ocean_post_title_bg_image_size":"","ocean_post_title_height":0,"ocean_post_title_bg_overlay":0.5,"ocean_post_title_bg_overlay_color":"","ocean_disable_breadcrumbs":"default","ocean_breadcrumbs_color":"","ocean_breadcrumbs_separator_color":"","ocean_breadcrumbs_links_color":"","ocean_breadcrumbs_links_hover_color":"","ocean_display_footer_widgets":"default","ocean_display_footer_bottom":"default","ocean_custom_footer_template":"","footnotes":""},"class_list":["post-61","page","type-page","status-publish","hentry","entry"],"_links":{"self":[{"href":"https:\/\/monterraindeje.fr\/index.php\/wp-json\/wp\/v2\/pages\/61","targetHints":{"allow":["GET"]}}],"collection":[{"href":"https:\/\/monterraindeje.fr\/index.php\/wp-json\/wp\/v2\/pages"}],"about":[{"href":"https:\/\/monterraindeje.fr\/index.php\/wp-json\/wp\/v2\/types\/page"}],"author":[{"embeddable":true,"href":"https:\/\/monterraindeje.fr\/index.php\/wp-json\/wp\/v2\/users\/1"}],"replies":[{"embeddable":true,"href":"https:\/\/monterraindeje.fr\/index.php\/wp-json\/wp\/v2\/comments?post=61"}],"version-history":[{"count":74,"href":"https:\/\/monterraindeje.fr\/index.php\/wp-json\/wp\/v2\/pages\/61\/revisions"}],"predecessor-version":[{"id":777,"href":"https:\/\/monterraindeje.fr\/index.php\/wp-json\/wp\/v2\/pages\/61\/revisions\/777"}],"wp:attachment":[{"href":"https:\/\/monterraindeje.fr\/index.php\/wp-json\/wp\/v2\/media?parent=61"}],"curies":[{"name":"wp","href":"https:\/\/api.w.org\/{rel}","templated":true}]}}