{"id":845,"date":"2024-05-05T22:16:03","date_gmt":"2024-05-05T20:16:03","guid":{"rendered":"https:\/\/monterraindeje.fr\/?page_id=845"},"modified":"2024-05-05T22:24:24","modified_gmt":"2024-05-05T20:24:24","slug":"mentions-legales","status":"publish","type":"page","link":"https:\/\/monterraindeje.fr\/index.php\/mentions-legales\/","title":{"rendered":"Mentions l\u00e9gales"},"content":{"rendered":"\t\t<div data-elementor-type=\"wp-page\" data-elementor-id=\"845\" class=\"elementor elementor-845\" data-elementor-post-type=\"page\">\n\t\t\t\t<div class=\"elementor-element elementor-element-b959836 e-flex e-con-boxed e-con e-parent\" data-id=\"b959836\" data-element_type=\"container\" data-settings=\"{&quot;background_background&quot;:&quot;gradient&quot;,&quot;content_width&quot;:&quot;boxed&quot;}\" data-core-v316-plus=\"true\">\n\t\t\t\t\t<div class=\"e-con-inner\">\n\t\t\t\t<div class=\"elementor-element elementor-element-c03eb04 elementor-widget elementor-widget-image\" data-id=\"c03eb04\" data-element_type=\"widget\" data-widget_type=\"image.default\">\n\t\t\t\t<div class=\"elementor-widget-container\">\n\t\t\t<style>\/*! elementor - v3.19.0 - 28-02-2024 *\/\n.elementor-widget-image{text-align:center}.elementor-widget-image a{display:inline-block}.elementor-widget-image a img[src$=\".svg\"]{width:48px}.elementor-widget-image img{vertical-align:middle;display:inline-block}<\/style>\t\t\t\t\t\t\t\t\t\t<img fetchpriority=\"high\" decoding=\"async\" width=\"1024\" height=\"95\" src=\"https:\/\/monterraindeje.fr\/wp-content\/uploads\/2024\/05\/mentions-legales-titre-bandeau-1024x95.png\" class=\"attachment-large size-large wp-image-844\" alt=\"\" srcset=\"https:\/\/monterraindeje.fr\/wp-content\/uploads\/2024\/05\/mentions-legales-titre-bandeau-1024x95.png 1024w, https:\/\/monterraindeje.fr\/wp-content\/uploads\/2024\/05\/mentions-legales-titre-bandeau-300x28.png 300w, https:\/\/monterraindeje.fr\/wp-content\/uploads\/2024\/05\/mentions-legales-titre-bandeau-768x71.png 768w, https:\/\/monterraindeje.fr\/wp-content\/uploads\/2024\/05\/mentions-legales-titre-bandeau.png 1376w\" sizes=\"(max-width: 1024px) 100vw, 1024px\" \/>\t\t\t\t\t\t\t\t\t\t\t\t\t<\/div>\n\t\t\t\t<\/div>\n\t\t\t\t\t<\/div>\n\t\t\t\t<\/div>\n\t\t<div class=\"elementor-element elementor-element-b6c0db3 e-con-full e-flex e-con e-parent\" data-id=\"b6c0db3\" data-element_type=\"container\" data-settings=\"{&quot;content_width&quot;:&quot;full&quot;}\" data-core-v316-plus=\"true\">\n\t\t<div class=\"elementor-element elementor-element-f1607b9 e-con-full e-flex e-con e-child\" data-id=\"f1607b9\" data-element_type=\"container\" data-settings=\"{&quot;content_width&quot;:&quot;full&quot;}\">\n\t\t\t\t<div class=\"elementor-element elementor-element-3d7a41e elementor-widget elementor-widget-text-editor\" data-id=\"3d7a41e\" data-element_type=\"widget\" data-widget_type=\"text-editor.default\">\n\t\t\t\t<div class=\"elementor-widget-container\">\n\t\t\t<style>\/*! elementor - v3.19.0 - 28-02-2024 *\/\n.elementor-widget-text-editor.elementor-drop-cap-view-stacked .elementor-drop-cap{background-color:#69727d;color:#fff}.elementor-widget-text-editor.elementor-drop-cap-view-framed .elementor-drop-cap{color:#69727d;border:3px solid;background-color:transparent}.elementor-widget-text-editor:not(.elementor-drop-cap-view-default) .elementor-drop-cap{margin-top:8px}.elementor-widget-text-editor:not(.elementor-drop-cap-view-default) .elementor-drop-cap-letter{width:1em;height:1em}.elementor-widget-text-editor .elementor-drop-cap{float:left;text-align:center;line-height:1;font-size:50px}.elementor-widget-text-editor .elementor-drop-cap-letter{display:inline-block}<\/style>\t\t\t\t<p><img decoding=\"async\" class=\" wp-image-584 alignleft\" src=\"https:\/\/monterraindeje.fr\/wp-content\/uploads\/2024\/02\/cropped-logo-JE-bleu-300x300.png\" alt=\"\" width=\"18\" height=\"18\" srcset=\"https:\/\/monterraindeje.fr\/wp-content\/uploads\/2024\/02\/cropped-logo-JE-bleu-300x300.png 300w, https:\/\/monterraindeje.fr\/wp-content\/uploads\/2024\/02\/cropped-logo-JE-bleu-150x150.png 150w, https:\/\/monterraindeje.fr\/wp-content\/uploads\/2024\/02\/cropped-logo-JE-bleu-270x270.png 270w, https:\/\/monterraindeje.fr\/wp-content\/uploads\/2024\/02\/cropped-logo-JE-bleu-192x192.png 192w, https:\/\/monterraindeje.fr\/wp-content\/uploads\/2024\/02\/cropped-logo-JE-bleu-180x180.png 180w, https:\/\/monterraindeje.fr\/wp-content\/uploads\/2024\/02\/cropped-logo-JE-bleu-32x32.png 32w, https:\/\/monterraindeje.fr\/wp-content\/uploads\/2024\/02\/cropped-logo-JE-bleu.png 512w\" sizes=\"(max-width: 18px) 100vw, 18px\" \/> <strong>Informations mises \u00e0 disposition<\/strong><br \/>Le contenu mis \u00e0 disposition sur le pr\u00e9sent site est fourni \u00e0 titre informatif. L\u2019existence d\u2019un lien de notre site vers un autre site ne constitue pas une validation de ce site ou de son contenu. Il appartient \u00e0 l\u2019internaute d\u2019utiliser ces informations avec discernement et esprit critique. La responsabilit\u00e9 de l\u2019\u00e9diteur ne saurait \u00eatre engag\u00e9e quant aux informations, opinions et recommandations formul\u00e9es par ces tiers. Tout lien hypertexte vers notre site doit faire l\u2019objet d\u2019une autorisation expresse et pr\u00e9alable de l\u2019\u00e9diteur.<\/p><p><img decoding=\"async\" class=\" wp-image-584 alignleft\" src=\"https:\/\/monterraindeje.fr\/wp-content\/uploads\/2024\/02\/cropped-logo-JE-bleu-300x300.png\" alt=\"\" width=\"18\" height=\"18\" srcset=\"https:\/\/monterraindeje.fr\/wp-content\/uploads\/2024\/02\/cropped-logo-JE-bleu-300x300.png 300w, https:\/\/monterraindeje.fr\/wp-content\/uploads\/2024\/02\/cropped-logo-JE-bleu-150x150.png 150w, https:\/\/monterraindeje.fr\/wp-content\/uploads\/2024\/02\/cropped-logo-JE-bleu-270x270.png 270w, https:\/\/monterraindeje.fr\/wp-content\/uploads\/2024\/02\/cropped-logo-JE-bleu-192x192.png 192w, https:\/\/monterraindeje.fr\/wp-content\/uploads\/2024\/02\/cropped-logo-JE-bleu-180x180.png 180w, https:\/\/monterraindeje.fr\/wp-content\/uploads\/2024\/02\/cropped-logo-JE-bleu-32x32.png 32w, https:\/\/monterraindeje.fr\/wp-content\/uploads\/2024\/02\/cropped-logo-JE-bleu.png 512w\" sizes=\"(max-width: 18px) 100vw, 18px\" \/><strong>Droits d\u2019auteur<\/strong><br \/>Le site doit \u00eatre consid\u00e9r\u00e9 comme un tout indissociable. Les informations y figurant sont r\u00e9serv\u00e9es \u00e0 un usage exclusivement personnel et ne peuvent \u00eatre en tout ou partie ni reproduites, ni communiqu\u00e9es. L\u2019ensemble des \u00e9l\u00e9ments constituant le pr\u00e9sent site (textes, images, photos, graphismes, logos, marques, sons, musiques, vid\u00e9o, logiciels, plans, noms, cr\u00e9ations et \u0153uvres prot\u00e9g\u00e9es, bases de donn\u00e9es\u2026) ainsi que le site lui-m\u00eame, rel\u00e8vent des l\u00e9gislations fran\u00e7aises et internationales sur le droit d\u2019auteur et la propri\u00e9t\u00e9 intellectuelle. Ces \u00e9l\u00e9ments sont la propri\u00e9t\u00e9 exclusive de . Toute reproduction, repr\u00e9sentation ou diffusion, \u00e0 des fins autres que personnelles, de tout ou partie du contenu de ce site sur quel que support ou par tout proc\u00e9d\u00e9 que ce soit est interdite. Le non-respect de cette interdiction constitue une contrefa\u00e7on susceptible d\u2019engager la responsabilit\u00e9 civile et p\u00e9nale du contrefacteur.<\/p><p><img decoding=\"async\" class=\" wp-image-584 alignleft\" src=\"https:\/\/monterraindeje.fr\/wp-content\/uploads\/2024\/02\/cropped-logo-JE-bleu-300x300.png\" alt=\"\" width=\"18\" height=\"18\" srcset=\"https:\/\/monterraindeje.fr\/wp-content\/uploads\/2024\/02\/cropped-logo-JE-bleu-300x300.png 300w, https:\/\/monterraindeje.fr\/wp-content\/uploads\/2024\/02\/cropped-logo-JE-bleu-150x150.png 150w, https:\/\/monterraindeje.fr\/wp-content\/uploads\/2024\/02\/cropped-logo-JE-bleu-270x270.png 270w, https:\/\/monterraindeje.fr\/wp-content\/uploads\/2024\/02\/cropped-logo-JE-bleu-192x192.png 192w, https:\/\/monterraindeje.fr\/wp-content\/uploads\/2024\/02\/cropped-logo-JE-bleu-180x180.png 180w, https:\/\/monterraindeje.fr\/wp-content\/uploads\/2024\/02\/cropped-logo-JE-bleu-32x32.png 32w, https:\/\/monterraindeje.fr\/wp-content\/uploads\/2024\/02\/cropped-logo-JE-bleu.png 512w\" sizes=\"(max-width: 18px) 100vw, 18px\" \/><strong>Donn\u00e9es \u00e0 caract\u00e8re personnel<\/strong><br \/>Conform\u00e9ment \u00e0 la loi \u00ab Informatique et Libert\u00e9 \u00bb n\u00b0 78-17 du 6 janvier 1978 relative \u00e0 l\u2019informatique, aux fichiers et aux libert\u00e9s, vous disposez d\u2019un droit d\u2019acc\u00e8s et de rectification sur les donn\u00e9es nominatives que vous laissez sur ce site. Pour exercer ces droits, envoyer un e-mail \u00e0 partir de la page contact du pr\u00e9sent site internet. En outre, nous nous engageons \u00e0 prendre toutes les pr\u00e9cautions n\u00e9cessaires afin de pr\u00e9server la s\u00e9curit\u00e9 de ces informations et notamment emp\u00eacher qu\u2019elles ne soient d\u00e9form\u00e9es, endommag\u00e9es ou communiqu\u00e9es \u00e0 des tiers, personne physique ou morale.<br \/><br \/><\/p><p>\u00a0<\/p>\t\t\t\t\t\t<\/div>\n\t\t\t\t<\/div>\n\t\t\t\t<\/div>\n\t\t\t\t<\/div>\n\t\t\t\t<\/div>\n\t\t","protected":false},"excerpt":{"rendered":"<p>Informations mises \u00e0 dispositionLe contenu mis \u00e0 disposition sur le pr\u00e9sent site est fourni \u00e0 titre informatif. L\u2019existence d\u2019un lien de notre site vers un autre site ne constitue pas une validation de ce site ou de son contenu. Il appartient \u00e0 l\u2019internaute d\u2019utiliser ces informations avec discernement et esprit critique. La responsabilit\u00e9 de l\u2019\u00e9diteur [&hellip;]<\/p>\n","protected":false},"author":1,"featured_media":0,"parent":0,"menu_order":0,"comment_status":"closed","ping_status":"closed","template":"elementor_header_footer","meta":{"ocean_post_layout":"","ocean_both_sidebars_style":"","ocean_both_sidebars_content_width":0,"ocean_both_sidebars_sidebars_width":0,"ocean_sidebar":"","ocean_second_sidebar":"","ocean_disable_margins":"enable","ocean_add_body_class":"","ocean_shortcode_before_top_bar":"","ocean_shortcode_after_top_bar":"","ocean_shortcode_before_header":"","ocean_shortcode_after_header":"","ocean_has_shortcode":"","ocean_shortcode_after_title":"","ocean_shortcode_before_footer_widgets":"","ocean_shortcode_after_footer_widgets":"","ocean_shortcode_before_footer_bottom":"","ocean_shortcode_after_footer_bottom":"","ocean_display_top_bar":"default","ocean_display_header":"default","ocean_header_style":"","ocean_center_header_left_menu":"","ocean_custom_header_template":"","ocean_custom_logo":0,"ocean_custom_retina_logo":0,"ocean_custom_logo_max_width":0,"ocean_custom_logo_tablet_max_width":0,"ocean_custom_logo_mobile_max_width":0,"ocean_custom_logo_max_height":0,"ocean_custom_logo_tablet_max_height":0,"ocean_custom_logo_mobile_max_height":0,"ocean_header_custom_menu":"","ocean_menu_typo_font_family":"","ocean_menu_typo_font_subset":"","ocean_menu_typo_font_size":0,"ocean_menu_typo_font_size_tablet":0,"ocean_menu_typo_font_size_mobile":0,"ocean_menu_typo_font_size_unit":"px","ocean_menu_typo_font_weight":"","ocean_menu_typo_font_weight_tablet":"","ocean_menu_typo_font_weight_mobile":"","ocean_menu_typo_transform":"","ocean_menu_typo_transform_tablet":"","ocean_menu_typo_transform_mobile":"","ocean_menu_typo_line_height":0,"ocean_menu_typo_line_height_tablet":0,"ocean_menu_typo_line_height_mobile":0,"ocean_menu_typo_line_height_unit":"","ocean_menu_typo_spacing":0,"ocean_menu_typo_spacing_tablet":0,"ocean_menu_typo_spacing_mobile":0,"ocean_menu_typo_spacing_unit":"","ocean_menu_link_color":"","ocean_menu_link_color_hover":"","ocean_menu_link_color_active":"","ocean_menu_link_background":"","ocean_menu_link_hover_background":"","ocean_menu_link_active_background":"","ocean_menu_social_links_bg":"","ocean_menu_social_hover_links_bg":"","ocean_menu_social_links_color":"","ocean_menu_social_hover_links_color":"","ocean_disable_title":"default","ocean_disable_heading":"default","ocean_post_title":"","ocean_post_subheading":"","ocean_post_title_style":"","ocean_post_title_background_color":"","ocean_post_title_background":0,"ocean_post_title_bg_image_position":"","ocean_post_title_bg_image_attachment":"","ocean_post_title_bg_image_repeat":"","ocean_post_title_bg_image_size":"","ocean_post_title_height":0,"ocean_post_title_bg_overlay":0.5,"ocean_post_title_bg_overlay_color":"","ocean_disable_breadcrumbs":"default","ocean_breadcrumbs_color":"","ocean_breadcrumbs_separator_color":"","ocean_breadcrumbs_links_color":"","ocean_breadcrumbs_links_hover_color":"","ocean_display_footer_widgets":"default","ocean_display_footer_bottom":"default","ocean_custom_footer_template":"","footnotes":""},"class_list":["post-845","page","type-page","status-publish","hentry","entry"],"_links":{"self":[{"href":"https:\/\/monterraindeje.fr\/index.php\/wp-json\/wp\/v2\/pages\/845","targetHints":{"allow":["GET"]}}],"collection":[{"href":"https:\/\/monterraindeje.fr\/index.php\/wp-json\/wp\/v2\/pages"}],"about":[{"href":"https:\/\/monterraindeje.fr\/index.php\/wp-json\/wp\/v2\/types\/page"}],"author":[{"embeddable":true,"href":"https:\/\/monterraindeje.fr\/index.php\/wp-json\/wp\/v2\/users\/1"}],"replies":[{"embeddable":true,"href":"https:\/\/monterraindeje.fr\/index.php\/wp-json\/wp\/v2\/comments?post=845"}],"version-history":[{"count":5,"href":"https:\/\/monterraindeje.fr\/index.php\/wp-json\/wp\/v2\/pages\/845\/revisions"}],"predecessor-version":[{"id":855,"href":"https:\/\/monterraindeje.fr\/index.php\/wp-json\/wp\/v2\/pages\/845\/revisions\/855"}],"wp:attachment":[{"href":"https:\/\/monterraindeje.fr\/index.php\/wp-json\/wp\/v2\/media?parent=845"}],"curies":[{"name":"wp","href":"https:\/\/api.w.org\/{rel}","templated":true}]}}